{"id":662,"date":"2023-03-05T11:53:56","date_gmt":"2023-03-05T11:53:56","guid":{"rendered":"https:\/\/swimgp.com\/?page_id=662"},"modified":"2023-03-18T19:59:45","modified_gmt":"2023-03-18T19:59:45","slug":"history-of-open-water-swimming","status":"publish","type":"page","link":"https:\/\/swimgp.com\/pt\/history-of-open-water-swimming\/","title":{"rendered":"Hist\u00f3ria da Nata\u00e7\u00e3o de \u00c1guas Abertas"},"content":{"rendered":"<div data-elementor-type=\"wp-page\" data-elementor-id=\"662\" class=\"elementor elementor-662\" data-elementor-post-type=\"page\">\n\t\t\t\t\t\t<section class=\"elementor-section elementor-top-section elementor-element elementor-element-a720fbb elementor-section-full_width elementor-section-height-min-height elementor-section-items-stretch elementor-section-height-default\" data-id=\"a720fbb\" data-element_type=\"section\" data-settings=\"{&quot;background_background&quot;:&quot;classic&quot;}\">\n\t\t\t\t\t\t\t<div class=\"elementor-background-overlay\"><\/div>\n\t\t\t\t\t\t\t<div class=\"elementor-container elementor-column-gap-default\">\n\t\t\t\t\t<div class=\"elementor-column elementor-col-100 elementor-top-column elementor-element elementor-element-c0d96fb\" data-id=\"c0d96fb\" data-element_type=\"column\">\n\t\t\t<div class=\"elementor-widget-wrap elementor-element-populated\">\n\t\t\t\t\t\t<div class=\"elementor-element elementor-element-3d55d7b elementor-widget elementor-widget-heading\" data-id=\"3d55d7b\" data-element_type=\"widget\" data-widget_type=\"heading.default\">\n\t\t\t\t<div class=\"elementor-widget-container\">\n\t\t\t<h1 class=\"elementor-heading-title elementor-size-default\">Hist\u00f3ria da Nata\u00e7\u00e3o de \u00c1guas Abertas<\/h1>\t\t<\/div>\n\t\t\t\t<\/div>\n\t\t\t\t<div class=\"elementor-element elementor-element-27e62b3 elementor-absolute elementor-view-default elementor-invisible elementor-widget elementor-widget-icon\" data-id=\"27e62b3\" data-element_type=\"widget\" data-settings=\"{&quot;_position&quot;:&quot;absolute&quot;,&quot;_animation&quot;:&quot;slideInDown&quot;}\" data-widget_type=\"icon.default\">\n\t\t\t\t<div class=\"elementor-widget-container\">\n\t\t\t\t\t<div class=\"elementor-icon-wrapper\">\n\t\t\t<a class=\"elementor-icon elementor-animation-sink\" href=\"#next\">\n\t\t\t\t\t\t<\/a>\n\t\t<\/div>\n\t\t\t\t<\/div>\n\t\t\t\t<\/div>\n\t\t\t\t\t<\/div>\n\t\t<\/div>\n\t\t\t\t\t<\/div>\n\t\t<\/section>\n\t\t\t\t<section class=\"elementor-section elementor-top-section elementor-element elementor-element-fe46f12 elementor-section-full_width elementor-reverse-tablet elementor-reverse-mobile elementor-section-height-default elementor-section-height-default\" data-id=\"fe46f12\" data-element_type=\"section\">\n\t\t\t\t\t\t<div class=\"elementor-container elementor-column-gap-default\">\n\t\t\t\t\t<div class=\"elementor-column elementor-col-50 elementor-top-column elementor-element elementor-element-06aad67\" data-id=\"06aad67\" data-element_type=\"column\">\n\t\t\t<div class=\"elementor-widget-wrap elementor-element-populated\">\n\t\t\t\t\t\t<div class=\"elementor-element elementor-element-f6d19c4 elementor-widget elementor-widget-image\" data-id=\"f6d19c4\" data-element_type=\"widget\" data-widget_type=\"image.default\">\n\t\t\t\t<div class=\"elementor-widget-container\">\n\t\t\t\t\t\t\t\t\t\t\t\t\t<img fetchpriority=\"high\" decoding=\"async\" width=\"733\" height=\"944\" src=\"https:\/\/swimgp.com\/wp-content\/uploads\/2023\/03\/Byron_1813_by_Phillips.jpg\" class=\"attachment-large size-large wp-image-664\" alt=\"\" srcset=\"https:\/\/swimgp.com\/wp-content\/uploads\/2023\/03\/Byron_1813_by_Phillips.jpg 733w, https:\/\/swimgp.com\/wp-content\/uploads\/2023\/03\/Byron_1813_by_Phillips-233x300.jpg 233w\" sizes=\"(max-width: 733px) 100vw, 733px\" \/>\t\t\t\t\t\t\t\t\t\t\t\t\t<\/div>\n\t\t\t\t<\/div>\n\t\t\t\t<div class=\"elementor-element elementor-element-85cc876 elementor-widget elementor-widget-heading\" data-id=\"85cc876\" data-element_type=\"widget\" data-widget_type=\"heading.default\">\n\t\t\t\t<div class=\"elementor-widget-container\">\n\t\t\t<h3 class=\"elementor-heading-title elementor-size-default\">Lord Byron<\/h3>\t\t<\/div>\n\t\t\t\t<\/div>\n\t\t\t\t<div class=\"elementor-element elementor-element-94d2a2b elementor-widget elementor-widget-heading\" data-id=\"94d2a2b\" data-element_type=\"widget\" data-widget_type=\"heading.default\">\n\t\t\t\t<div class=\"elementor-widget-container\">\n\t\t\t<h3 class=\"elementor-heading-title elementor-size-default\">O primeiro nadador<\/h3>\t\t<\/div>\n\t\t\t\t<\/div>\n\t\t\t\t\t<\/div>\n\t\t<\/div>\n\t\t\t\t<div class=\"elementor-column elementor-col-50 elementor-top-column elementor-element elementor-element-65aee82\" data-id=\"65aee82\" data-element_type=\"column\">\n\t\t\t<div class=\"elementor-widget-wrap elementor-element-populated\">\n\t\t\t\t<div class=\"elementor-element elementor-element-0ca5132 e-flex e-con-boxed e-con e-parent\" data-id=\"0ca5132\" data-element_type=\"container\" data-settings=\"{&quot;content_width&quot;:&quot;boxed&quot;}\" data-core-v316-plus=\"true\">\n\t\t\t\t\t<div class=\"e-con-inner\">\n\t\t\t\t<div class=\"elementor-element elementor-element-03dbef0 elementor-widget elementor-widget-text-editor\" data-id=\"03dbef0\" data-element_type=\"widget\" data-widget_type=\"text-editor.default\">\n\t\t\t\t<div class=\"elementor-widget-container\">\n\t\t\t\t\t\t\t<p>A era moderna da nata\u00e7\u00e3o em \u00e1guas abertas come\u00e7ou em 1809, quando Lord Byron nadou v\u00e1rios quil\u00f3metros para atravessar o Hellespont (agora Dardanelles) que se estendia desde a Europa at\u00e9 \u00e0 \u00c1sia.<\/p>\t\t\t\t\t\t<\/div>\n\t\t\t\t<\/div>\n\t\t\t\t<div class=\"elementor-element elementor-element-ad10044 elementor-widget elementor-widget-heading\" data-id=\"ad10044\" data-element_type=\"widget\" data-widget_type=\"heading.default\">\n\t\t\t\t<div class=\"elementor-widget-container\">\n\t\t\t<h3 class=\"elementor-heading-title elementor-size-default\">Qual \u00e9 a hist\u00f3ria da prova de nata\u00e7\u00e3o Hellespont?<\/h3>\t\t<\/div>\n\t\t\t\t<\/div>\n\t\t\t\t<div class=\"elementor-element elementor-element-a1829f4 elementor-widget elementor-widget-text-editor\" data-id=\"a1829f4\" data-element_type=\"widget\" data-widget_type=\"text-editor.default\">\n\t\t\t\t<div class=\"elementor-widget-container\">\n\t\t\t\t\t\t\t<p>A hist\u00f3ria de Hero e Leander \u00e9 uma trag\u00e9dia mitol\u00f3gica grega de dois amantes tra\u00eddos por estrelas que viviam em lados opostos do estreito. Leander nadava o Hellespont todas as noites para estar com o seu amante, guiado por uma tocha segurada por Hero, e depois nadava de volta na manh\u00e3 seguinte.<\/p>\t\t\t\t\t\t<\/div>\n\t\t\t\t<\/div>\n\t\t\t\t<div class=\"elementor-element elementor-element-64b5844 elementor-widget elementor-widget-heading\" data-id=\"64b5844\" data-element_type=\"widget\" data-widget_type=\"heading.default\">\n\t\t\t\t<div class=\"elementor-widget-container\">\n\t\t\t<h3 class=\"elementor-heading-title elementor-size-default\">O Lord Byron tamb\u00e9m atravessou o rio Tejo.<\/h3>\t\t<\/div>\n\t\t\t\t<\/div>\n\t\t\t\t<div class=\"elementor-element elementor-element-7e13aa9 elementor-widget elementor-widget-text-editor\" data-id=\"7e13aa9\" data-element_type=\"widget\" data-widget_type=\"text-editor.default\">\n\t\t\t\t<div class=\"elementor-widget-container\">\n\t\t\t\t\t\t\t<p>\"Nado no Tejo de uma s\u00f3 vez, e cavalgo num burro ou numa mula, e praguejo portugu\u00eas, e tenho uma diarreia e picadas dos mosquitos. Mas e depois? O conforto n\u00e3o deve ser esperado por pessoas que v\u00e3o a um prazer\".<\/p><p><strong>Lord Byron, 1809<\/strong><\/p>\t\t\t\t\t\t<\/div>\n\t\t\t\t<\/div>\n\t\t\t\t<div class=\"elementor-element elementor-element-d711a46 elementor-widget elementor-widget-text-editor\" data-id=\"d711a46\" data-element_type=\"widget\" data-widget_type=\"text-editor.default\">\n\t\t\t\t<div class=\"elementor-widget-container\">\n\t\t\t\t\t\t\t<p>Assim disse o poeta ingl\u00eas Lord Byron ap\u00f3s a sua bem sucedida travessia do rio Tejo em Lisboa, Portugal, em 1809<\/p><p>No ano 2000, os Jogos Ol\u00edmpicos introduziram pela primeira vez um triatlo com 1500 metros de nata\u00e7\u00e3o, e em 2008, foi realizado uma prova em \u00e1guas abertas de 10 km.<\/p>\t\t\t\t\t\t<\/div>\n\t\t\t\t<\/div>\n\t\t\t\t\t<\/div>\n\t\t\t\t<\/div>\n\t\t\t\t\t<\/div>\n\t\t<\/div>\n\t\t\t\t\t<\/div>\n\t\t<\/section>\n\t\t\t\t<section class=\"elementor-section elementor-top-section elementor-element elementor-element-3b1b8bc elementor-section-full_width elementor-reverse-tablet elementor-reverse-mobile elementor-section-height-default elementor-section-height-default\" data-id=\"3b1b8bc\" data-element_type=\"section\">\n\t\t\t\t\t\t<div class=\"elementor-container elementor-column-gap-default\">\n\t\t\t\t\t<div class=\"elementor-column elementor-col-100 elementor-top-column elementor-element elementor-element-e337839\" data-id=\"e337839\" data-element_type=\"column\">\n\t\t\t<div class=\"elementor-widget-wrap elementor-element-populated\">\n\t\t\t\t\t\t<div class=\"elementor-element elementor-element-91e0cda elementor-widget elementor-widget-heading\" data-id=\"91e0cda\" data-element_type=\"widget\" data-widget_type=\"heading.default\">\n\t\t\t\t<div class=\"elementor-widget-container\">\n\t\t\t<h3 class=\"elementor-heading-title elementor-size-default\">Nata\u00e7\u00e3o de \u00c1guas Abertas em Portugal<\/h3>\t\t<\/div>\n\t\t\t\t<\/div>\n\t\t\t\t<div class=\"elementor-element elementor-element-bb2603d elementor-widget elementor-widget-text-editor\" data-id=\"bb2603d\" data-element_type=\"widget\" data-widget_type=\"text-editor.default\">\n\t\t\t\t<div class=\"elementor-widget-container\">\n\t\t\t\t\t\t\t<p>Texto de\u00a0<strong>Jos\u00e9 Freitas &#8211; CHLORUS<\/strong><\/p>\t\t\t\t\t\t<\/div>\n\t\t\t\t<\/div>\n\t\t\t\t<div class=\"elementor-element elementor-element-400d589 elementor-widget elementor-widget-text-editor\" data-id=\"400d589\" data-element_type=\"widget\" data-widget_type=\"text-editor.default\">\n\t\t\t\t<div class=\"elementor-widget-container\">\n\t\t\t\t\t\t\t<p>A Nata\u00e7\u00e3o, mais ou menos organizada, apareceu em Portugal, por iniciativa do Real Gin\u00e1sio Clube Portugu\u00eas, que no ano de 1902 inaugurou uma escola na Praia da Trafaria, local situado na margem sul do Tejo.<\/p><p>Nessa \u00e9poca, esta praia servia para a fam\u00edlia da casa Real fazer as suas \u00e9pocas de praia, que em simult\u00e2neo organizava as suas aulas de ensino da pr\u00e1tica da nata\u00e7\u00e3o. Nesta \u00e9poca, tinha como grande impulsionador o Rei D. Carlos.<\/p><p>Escolas essas que mais tarde passaram para um tanque de 60 metros, que exista no Col\u00e9gio da Casa Pia de Lisboa, situada na Cerca dos Jer\u00f3nimos, um pouco mais abaixo da Ermida dos Jer\u00f3nimos, no Restelo, onde hoje est\u00e1 o Est\u00e1dio do Restelo.<\/p><p>Local que no ano de 1925 serviu para o primeiro Portugal- Espanha, de prepara\u00e7\u00e3o dos nadadores portugueses com vista aos Jogos Ol\u00edmpicos de 1928.<br \/>Foi em outubro de 1906, Antes sequer da funda\u00e7\u00e3o da Liga de Nata\u00e7\u00e3o, que se disputou, na Praia da Ba\u00eda do Alfeite, o denominado primeiro Campeonato Nacional, que era constitu\u00eddo pela prova da Meia-milha, prova est\u00e1 que era na altura encarada como grande desafio \u00e0 capacidade atl\u00e9tica dos nadadores, o que s\u00f3 no mar seria testado.<br \/>Rei D. Carlos, um apaixonado pelos desportos n\u00e1uticos, entre eles a nata\u00e7\u00e3o, fazia quest\u00e3o de estar sempre presente, inclusive ele era o maior patrocinador destas iniciativas, oferecia os pr\u00e9mios a todos os que conclu\u00edssem a prova.<\/p><p>Oito clubes fizeram-se representar com 10 nadadores: Real Velo Club do Porto \u2013 Artur Rumsey; Clube M\u00e1rio Duarte (Aveiro) M\u00e1rio Duarte; Gin\u00e1sio Clube Figueirense \u2013 Ant\u00f3nio Sousa Monteiro; Real Associa\u00e7\u00e3o Naval \u2013 Manuel \u00c1vila, Fernando Costa; Liga Naval Portuguesa \u2013 Jo\u00e3o Lima Mayer; Real Clube Naval \u2013 Carlos Lacombe; Ateneu Comercial -Francisco Mar\u00e7al; Real Gin\u00e1sio Clube e Portugu\u00eas- Eduardo Sherley e \u00c1lvaro Lacerda.<\/p><p>No dia da prova, de Lisboa foi posto \u00e0 disposi\u00e7\u00e3o do p\u00fablico vapores, cedidos pela empresa propriet\u00e1ria das carreiras de Lisboa \u00e0 margem sul, al\u00e9m de in\u00fameros barcos particulares que ajudavam a criar um ambiente de um grande dia de festa, na Ba\u00eda do Alfeite.O pr\u00f3prio Rei viu a prova da Meia-milha a bordo do seu iate.\nA partida foi executada na hora da praia-mar, sempre vigorosamente, com v\u00e1rias mudan\u00e7as e com bom ritmo. O triunfo foi alcan\u00e7ado pelo nadador nortenho Rumsey. Seguido por Ant\u00f3nio Monteiro e Francisco Mar\u00e7al.<\/p><p>No final, o Rei D. Carlos ficou t\u00e3o entusiasmado com o espet\u00e1culo que convidou todos os nadadores para outra prova, mas esta a ser disputada no mar e com uma dist\u00e2ncia de Milha e Meia, a realizar-se em Cascais.<\/p><p>Nesta competi\u00e7\u00e3o apenas participaram dois nadadores, o portista Rumsey e Ant\u00f3nio Monteiro, Gin\u00e1sio Figueirense, que se lan\u00e7aram \u00e0 \u00e1gua na Praia do Forte Velho do Estoril, sendo acompanhados por todo o percurso por elevado n\u00famero de embarca\u00e7\u00f5es que davam muita vida \u00e0 competi\u00e7\u00e3o, a mais longa da hist\u00f3ria da nata\u00e7\u00e3o na altura. A chegada foi em Cascais, com Artur Rumsey muito distanciado sobre o seu \u00fanico advers\u00e1rio Ant\u00f3nio Monteiro, ambos muito aplaudidos por uma enorme assist\u00eancia que se juntou na praia.<br \/>O monarca, muito entusiasmado pelo feito de ambos, ofereceu-lhes Alfinete de Brilhantes e Safira.<\/p><p>Ap\u00f3s esta prova houve uma interrup\u00e7\u00e3o muito longa, havendo apenas competi\u00e7\u00f5es disputadas nas docas, dos rios Lisboa, Rio Tejo, Set\u00fabal, Sado, Mondego, Coimbra Leix\u00f5es e no Douro.Nesta face de interregno, os entusiastas portistas lan\u00e7aram um desafio aos lisboetas, para todos os anos a realiza\u00e7\u00e3o da prova dos 500 metros em Leix\u00f5es, cujo primeira edi\u00e7\u00e3o foi em 1907. A partir desta data, foi criada a Liga de Nata\u00e7\u00e3o. Ap\u00f3s o nascimento da Liga houve um interregno at\u00e9 1917, ano em que se recome\u00e7ou, prolongando-se para sempre, cujas realiza\u00e7\u00f5es eram efetuadas em todo o pa\u00eds, onde havia entusiasmo pela modalidade.<\/p><p>As cidades de Lisboa, Porto e Coimbra foram uma rampa de lan\u00e7amento de provas nos seus rios. Como n\u00e3o havia piscinas, as docas e rios eram os locais das aprendizagens de centenas de pessoas por \u00e9poca. Assim, nasceram as grandes travessias em v\u00e1rios locais: Porto, Lisboa, Coimbra e Set\u00fabal.<\/p>\t\t\t\t\t\t<\/div>\n\t\t\t\t<\/div>\n\t\t\t\t<div class=\"elementor-element elementor-element-8727975 elementor-widget elementor-widget-heading\" data-id=\"8727975\" data-element_type=\"widget\" data-widget_type=\"heading.default\">\n\t\t\t\t<div class=\"elementor-widget-container\">\n\t\t\t<h3 class=\"elementor-heading-title elementor-size-default\">10 outubro, data da implanta\u00e7\u00e3o da Rep\u00fablica<\/h3>\t\t<\/div>\n\t\t\t\t<\/div>\n\t\t\t\t<div class=\"elementor-element elementor-element-a5f709d elementor-widget elementor-widget-text-editor\" data-id=\"a5f709d\" data-element_type=\"widget\" data-widget_type=\"text-editor.default\">\n\t\t\t\t<div class=\"elementor-widget-container\">\n\t\t\t\t\t\t\t<p>Foi nesta altura que foi criada a Liga de Nata\u00e7\u00e3o, houve um interregno at\u00e9 1916 em que se recome\u00e7ou, prolongando-se para sempre, cujas realiza\u00e7\u00f5es eram efetuadas em diferentes locais em Lisboa, na muralha da Junqueira, e no Porto, na doca de Leix\u00f5es, com provas de 500m, eram estas que faziam a abertura das \u00e9pocas na altura. Era uma forma de fazer propaganda da modalidade.<\/p><p>A cidade de Lisboa aproveitou as suas docas afluentes ao Rio Tejo onde se iniciaram as escolas de nata\u00e7\u00e3o Bom Sucesso, Bel\u00e9m, Santo Amaro, Alc\u00e2ntara, Jardim do Tabaco e Xabregas. Na cidade do Porto, iniciaram-se as provas da Travessia de Campanh\u00e3 at\u00e9 \u00e0 Foz e \u00e0 largura do Rio entre Gaia e a Ribeira.<br \/>A Nata\u00e7\u00e3o do Porto teve uma figura muito importante, como nadador e dirigente, o patrono Alfredo Rumsey, o homem que desenvolveu a modalidade no Porto e fundador do FCP.<\/p>\t\t\t\t\t\t<\/div>\n\t\t\t\t<\/div>\n\t\t<div class=\"elementor-element elementor-element-c7a22c5 e-flex e-con-boxed e-con e-parent\" data-id=\"c7a22c5\" data-element_type=\"container\" data-settings=\"{&quot;content_width&quot;:&quot;boxed&quot;}\" data-core-v316-plus=\"true\">\n\t\t\t\t\t<div class=\"e-con-inner\">\n\t\t<div class=\"elementor-element elementor-element-90a4324 e-con-full e-flex e-con e-child\" data-id=\"90a4324\" data-element_type=\"container\" data-settings=\"{&quot;content_width&quot;:&quot;full&quot;}\">\n\t\t\t\t<div class=\"elementor-element elementor-element-0332da8 elementor-widget elementor-widget-image\" data-id=\"0332da8\" data-element_type=\"widget\" data-widget_type=\"image.default\">\n\t\t\t\t<div class=\"elementor-widget-container\">\n\t\t\t\t\t\t\t\t\t\t\t\t\t<img decoding=\"async\" width=\"713\" height=\"417\" src=\"https:\/\/swimgp.com\/wp-content\/uploads\/2023\/03\/fb-js-rodrigo-bess-basto-jose-cabral-fernando-sacad-guilherme-patrone-e-joao-mira-gomes.jpg\" class=\"attachment-large size-large wp-image-665\" alt=\"\" srcset=\"https:\/\/swimgp.com\/wp-content\/uploads\/2023\/03\/fb-js-rodrigo-bess-basto-jose-cabral-fernando-sacad-guilherme-patrone-e-joao-mira-gomes.jpg 713w, https:\/\/swimgp.com\/wp-content\/uploads\/2023\/03\/fb-js-rodrigo-bess-basto-jose-cabral-fernando-sacad-guilherme-patrone-e-joao-mira-gomes-300x175.jpg 300w\" sizes=\"(max-width: 713px) 100vw, 713px\" \/>\t\t\t\t\t\t\t\t\t\t\t\t\t<\/div>\n\t\t\t\t<\/div>\n\t\t\t\t<\/div>\n\t\t<div class=\"elementor-element elementor-element-15726d1 e-con-full e-flex e-con e-child\" data-id=\"15726d1\" data-element_type=\"container\" data-settings=\"{&quot;content_width&quot;:&quot;full&quot;}\">\n\t\t\t\t<div class=\"elementor-element elementor-element-7f995da elementor-widget elementor-widget-heading\" data-id=\"7f995da\" data-element_type=\"widget\" data-widget_type=\"heading.default\">\n\t\t\t\t<div class=\"elementor-widget-container\">\n\t\t\t<h3 class=\"elementor-heading-title elementor-size-default\">Rodrigo Bessone Bastos<\/h3>\t\t<\/div>\n\t\t\t\t<\/div>\n\t\t\t\t<div class=\"elementor-element elementor-element-67c51ac elementor-widget elementor-widget-heading\" data-id=\"67c51ac\" data-element_type=\"widget\" data-widget_type=\"heading.default\">\n\t\t\t\t<div class=\"elementor-widget-container\">\n\t\t\t<h3 class=\"elementor-heading-title elementor-size-default\">primeiro nadador em Portugal de longas dist\u00e2ncias<\/h3>\t\t<\/div>\n\t\t\t\t<\/div>\n\t\t\t\t<div class=\"elementor-element elementor-element-50c9cb9 elementor-widget elementor-widget-text-editor\" data-id=\"50c9cb9\" data-element_type=\"widget\" data-widget_type=\"text-editor.default\">\n\t\t\t\t<div class=\"elementor-widget-container\">\n\t\t\t\t\t\t\t<p>Em 1916, as suas travessias ficaram famosas. Venceu a primeira travessia do Douro, que foi a maior manifesta\u00e7\u00e3o desportiva na cidade com um percurso de 8500m entre Campanha e a Foz, com muitos milhares de curiosos e adeptos da modalidade, alguns deles a p\u00e9 pelas duas margens. Antes desta prova, o av\u00f4 do Tony teve o seu primeiro triunfo na travessia do Bugio a Santo Amaro.<br \/>Nosso primeiro grande fundista distinguiu-se por vencer quatro vezes a Travessia do Porto a Nado e um n\u00famero significativo de travessias do Tejo.<\/p>\t\t\t\t\t\t<\/div>\n\t\t\t\t<\/div>\n\t\t\t\t<\/div>\n\t\t\t\t\t<\/div>\n\t\t\t\t<\/div>\n\t\t\t\t\t<\/div>\n\t\t<\/div>\n\t\t\t\t\t<\/div>\n\t\t<\/section>\n\t\t\t\t<\/div>","protected":false},"excerpt":{"rendered":"<p>History of Open Water Swimming Lord Byron The first Swimmer The modern age of open water swimming started way back in 1809, when Lord Byron swam various miles to cross the Hellespont (now Dardanelles) which stretched from Europe to Asia. What is the story of the Hellespont swim? Hero and Leander&#8217;s story is a Greek [&hellip;]<\/p>","protected":false},"author":1,"featured_media":0,"parent":0,"menu_order":0,"comment_status":"closed","ping_status":"closed","template":"","meta":{"_monsterinsights_skip_tracking":false,"_monsterinsights_sitenote_active":false,"_monsterinsights_sitenote_note":"","_monsterinsights_sitenote_category":0,"footnotes":""},"aioseo_notices":[],"_links":{"self":[{"href":"https:\/\/swimgp.com\/pt\/wp-json\/wp\/v2\/pages\/662"}],"collection":[{"href":"https:\/\/swimgp.com\/pt\/wp-json\/wp\/v2\/pages"}],"about":[{"href":"https:\/\/swimgp.com\/pt\/wp-json\/wp\/v2\/types\/page"}],"author":[{"embeddable":true,"href":"https:\/\/swimgp.com\/pt\/wp-json\/wp\/v2\/users\/1"}],"replies":[{"embeddable":true,"href":"https:\/\/swimgp.com\/pt\/wp-json\/wp\/v2\/comments?post=662"}],"version-history":[{"count":0,"href":"https:\/\/swimgp.com\/pt\/wp-json\/wp\/v2\/pages\/662\/revisions"}],"wp:attachment":[{"href":"https:\/\/swimgp.com\/pt\/wp-json\/wp\/v2\/media?parent=662"}],"curies":[{"name":"wp","href":"https:\/\/api.w.org\/{rel}","templated":true}]}}