{"id":607,"date":"2023-03-05T00:47:34","date_gmt":"2023-03-05T00:47:34","guid":{"rendered":"https:\/\/swimgp.com\/?page_id=607"},"modified":"2024-03-01T11:53:58","modified_gmt":"2024-03-01T11:53:58","slug":"about","status":"publish","type":"page","link":"https:\/\/swimgp.com\/pt\/about\/","title":{"rendered":"Sobre"},"content":{"rendered":"<div data-elementor-type=\"wp-page\" data-elementor-id=\"607\" class=\"elementor elementor-607\" data-elementor-post-type=\"page\">\n\t\t\t\t\t\t<section class=\"elementor-section elementor-top-section elementor-element elementor-element-2ac0808 elementor-section-full_width elementor-section-height-min-height elementor-section-items-stretch elementor-section-height-default\" data-id=\"2ac0808\" data-element_type=\"section\" data-settings=\"{&quot;background_background&quot;:&quot;classic&quot;}\">\n\t\t\t\t\t\t\t<div class=\"elementor-background-overlay\"><\/div>\n\t\t\t\t\t\t\t<div class=\"elementor-container elementor-column-gap-default\">\n\t\t\t\t\t<div class=\"elementor-column elementor-col-100 elementor-top-column elementor-element elementor-element-dc37539\" data-id=\"dc37539\" data-element_type=\"column\">\n\t\t\t<div class=\"elementor-widget-wrap elementor-element-populated\">\n\t\t\t\t\t\t<div class=\"elementor-element elementor-element-0b87e1c elementor-widget elementor-widget-heading\" data-id=\"0b87e1c\" data-element_type=\"widget\" data-widget_type=\"heading.default\">\n\t\t\t\t<div class=\"elementor-widget-container\">\n\t\t\t<h1 class=\"elementor-heading-title elementor-size-default\">SOBRE<\/h1>\t\t<\/div>\n\t\t\t\t<\/div>\n\t\t\t\t<div class=\"elementor-element elementor-element-facc656 elementor-absolute elementor-view-default elementor-invisible elementor-widget elementor-widget-icon\" data-id=\"facc656\" data-element_type=\"widget\" data-settings=\"{&quot;_position&quot;:&quot;absolute&quot;,&quot;_animation&quot;:&quot;slideInDown&quot;}\" data-widget_type=\"icon.default\">\n\t\t\t\t<div class=\"elementor-widget-container\">\n\t\t\t\t\t<div class=\"elementor-icon-wrapper\">\n\t\t\t<a class=\"elementor-icon elementor-animation-sink\" href=\"#next\">\n\t\t\t\t\t\t<\/a>\n\t\t<\/div>\n\t\t\t\t<\/div>\n\t\t\t\t<\/div>\n\t\t\t\t\t<\/div>\n\t\t<\/div>\n\t\t\t\t\t<\/div>\n\t\t<\/section>\n\t\t\t\t<section class=\"elementor-section elementor-top-section elementor-element elementor-element-ea60598 elementor-section-full_width elementor-reverse-tablet elementor-reverse-mobile elementor-section-height-default elementor-section-height-default\" data-id=\"ea60598\" data-element_type=\"section\">\n\t\t\t\t\t\t<div class=\"elementor-container elementor-column-gap-default\">\n\t\t\t\t\t<div class=\"elementor-column elementor-col-50 elementor-top-column elementor-element elementor-element-fb675dd\" data-id=\"fb675dd\" data-element_type=\"column\">\n\t\t\t<div class=\"elementor-widget-wrap elementor-element-populated\">\n\t\t\t\t\t\t<div class=\"elementor-element elementor-element-735fe6c elementor-widget elementor-widget-heading\" data-id=\"735fe6c\" data-element_type=\"widget\" data-widget_type=\"heading.default\">\n\t\t\t\t<div class=\"elementor-widget-container\">\n\t\t\t<h3 class=\"elementor-heading-title elementor-size-default\">O QUE \u00c9 O SWIM GRAND PRIX<\/h3>\t\t<\/div>\n\t\t\t\t<\/div>\n\t\t\t\t<div class=\"elementor-element elementor-element-a43f04f elementor-widget elementor-widget-heading\" data-id=\"a43f04f\" data-element_type=\"widget\" data-widget_type=\"heading.default\">\n\t\t\t\t<div class=\"elementor-widget-container\">\n\t\t\t<h3 class=\"elementor-heading-title elementor-size-default\">O MAIS DESAFIANTE <br>\nO MAIS GRATIFICANTE<\/h3>\t\t<\/div>\n\t\t\t\t<\/div>\n\t\t\t\t<div class=\"elementor-element elementor-element-a803500 elementor-widget elementor-widget-text-editor\" data-id=\"a803500\" data-element_type=\"widget\" data-widget_type=\"text-editor.default\">\n\t\t\t\t<div class=\"elementor-widget-container\">\n\t\t\t\t\t\t\t<p>Enfrentar a Natureza em competi\u00e7\u00f5es intensas, cen\u00e1rios \u00e9picos que inspiram \u00e0 descoberta de novos limites em \u00e1guas abertas<\/p>\t\t\t\t\t\t<\/div>\n\t\t\t\t<\/div>\n\t\t\t\t<div class=\"elementor-element elementor-element-c53c935 elementor-widget elementor-widget-heading\" data-id=\"c53c935\" data-element_type=\"widget\" data-widget_type=\"heading.default\">\n\t\t\t\t<div class=\"elementor-widget-container\">\n\t\t\t<h3 class=\"elementor-heading-title elementor-size-default\">QUEM SOMOS<\/h3>\t\t<\/div>\n\t\t\t\t<\/div>\n\t\t\t\t<div class=\"elementor-element elementor-element-bd2fcc9 elementor-widget elementor-widget-text-editor\" data-id=\"bd2fcc9\" data-element_type=\"widget\" data-widget_type=\"text-editor.default\">\n\t\t\t\t<div class=\"elementor-widget-container\">\n\t\t\t\t\t\t\t<p>Com provas premium de nata\u00e7\u00e3o em \u00e1guas abertas desde 2012 em cen\u00e1rios de uma beleza extraordin\u00e1ria, adicionamos as novas Ultra e Maratona e novas travessias ao portf\u00f3lio do evento.<\/p><p>Uma equipa desportiva apaixonada est\u00e1 no palco a desenhar uma experi\u00eancia marcante para nadadores e acompanhantes.<\/p><p>\u00a0<\/p><p>A Travessia Lisboa - Cascais 20Km \u00e9 a primeira prova de Ultra dist\u00e2ncia de nata\u00e7\u00e3o em Portugal continental desde 1906 e faz parte da Ultra Marathon Swim Series, da WOWSA.<\/p>\t\t\t\t\t\t<\/div>\n\t\t\t\t<\/div>\n\t\t\t\t<div class=\"elementor-element elementor-element-df93a9b elementor-widget elementor-widget-heading\" data-id=\"df93a9b\" data-element_type=\"widget\" data-widget_type=\"heading.default\">\n\t\t\t\t<div class=\"elementor-widget-container\">\n\t\t\t<h3 class=\"elementor-heading-title elementor-size-default\">A NOSSA MISS\u00c3O<\/h3>\t\t<\/div>\n\t\t\t\t<\/div>\n\t\t\t\t<div class=\"elementor-element elementor-element-e0ba3c2 elementor-widget elementor-widget-text-editor\" data-id=\"e0ba3c2\" data-element_type=\"widget\" data-widget_type=\"text-editor.default\">\n\t\t\t\t<div class=\"elementor-widget-container\">\n\t\t\t\t\t\t\t<p>Contribuir para o crescimento da nata\u00e7\u00e3o de \u00e1guas abertas e tornar o SWIM GP, um evento de refer\u00eancia mundial, que mobilize as pessoas para a vida saud\u00e1vel em contacto com a natureza, sustentabilidade ambiental e preserva\u00e7\u00e3o da vida marinha.<\/p>\t\t\t\t\t\t<\/div>\n\t\t\t\t<\/div>\n\t\t\t\t\t<\/div>\n\t\t<\/div>\n\t\t\t\t<div class=\"elementor-column elementor-col-50 elementor-top-column elementor-element elementor-element-f76dc4c\" data-id=\"f76dc4c\" data-element_type=\"column\">\n\t\t\t<div class=\"elementor-widget-wrap elementor-element-populated\">\n\t\t\t\t<div class=\"elementor-element elementor-element-a155e1a e-flex e-con-boxed e-con e-parent\" data-id=\"a155e1a\" data-element_type=\"container\" data-settings=\"{&quot;background_background&quot;:&quot;classic&quot;,&quot;content_width&quot;:&quot;boxed&quot;}\" data-core-v316-plus=\"true\">\n\t\t\t\t\t<div class=\"e-con-inner\">\n\t\t\t\t<div class=\"elementor-element elementor-element-7c1187a elementor-widget elementor-widget-heading\" data-id=\"7c1187a\" data-element_type=\"widget\" data-widget_type=\"heading.default\">\n\t\t\t\t<div class=\"elementor-widget-container\">\n\t\t\t<h2 class=\"elementor-heading-title elementor-size-default\">A NOSSA HIST\u00d3RIA<\/h2>\t\t<\/div>\n\t\t\t\t<\/div>\n\t\t\t\t<div class=\"elementor-element elementor-element-5ae378b elementor-widget elementor-widget-image\" data-id=\"5ae378b\" data-element_type=\"widget\" data-widget_type=\"image.default\">\n\t\t\t\t<div class=\"elementor-widget-container\">\n\t\t\t\t\t\t\t\t\t\t\t\t\t<img fetchpriority=\"high\" decoding=\"async\" width=\"800\" height=\"533\" src=\"https:\/\/swimgp.com\/wp-content\/uploads\/2023\/03\/Swim-Challenge-2012-56.jpg\" class=\"attachment-large size-large wp-image-959\" alt=\"\" srcset=\"https:\/\/swimgp.com\/wp-content\/uploads\/2023\/03\/Swim-Challenge-2012-56.jpg 800w, https:\/\/swimgp.com\/wp-content\/uploads\/2023\/03\/Swim-Challenge-2012-56-300x200.jpg 300w, https:\/\/swimgp.com\/wp-content\/uploads\/2023\/03\/Swim-Challenge-2012-56-768x512.jpg 768w, https:\/\/swimgp.com\/wp-content\/uploads\/2023\/03\/Swim-Challenge-2012-56-600x400.jpg 600w\" sizes=\"(max-width: 800px) 100vw, 800px\" \/>\t\t\t\t\t\t\t\t\t\t\t\t\t<\/div>\n\t\t\t\t<\/div>\n\t\t\t\t<div class=\"elementor-element elementor-element-791ed45 elementor-widget elementor-widget-text-editor\" data-id=\"791ed45\" data-element_type=\"widget\" data-widget_type=\"text-editor.default\">\n\t\t\t\t<div class=\"elementor-widget-container\">\n\t\t\t\t\t\t\t<p>Jorge Paulo Pereira fundou o Swim Challenge Cascais em 2012, o primeiro evento de nata\u00e7\u00e3o em \u00e1guas abertas organizado por uma entidade privada em Portugal. Nadador local com uma grande paix\u00e3o pelos desportos aqu\u00e1ticos leva-o a conhecer Miguel Arrobas - ex-nadador ol\u00edmpico; Pedro Brand\u00e3o - seu treinador; e Nuno Fel\u00edcio, formando uma equipa que organiza o primeiro evento.<\/p><p>\u00a0<\/p><p>As edi\u00e7\u00f5es seguintes afirmaram esta prova como um dos maiores eventos do pa\u00eds, crescendo ininterruptamente at\u00e9 ao ano de 2020, altura em que foi cancelada devido \u00e0 pandemia.<\/p><p>\u00a0<\/p><p>Esta \u00e9 uma competi\u00e7\u00e3o por onde j\u00e1 passaram grandes nomes da nata\u00e7\u00e3o em Portugal, um belo \"campo de provas\" enquadrado por um cen\u00e1rio cheio de hist\u00f3ria e de uma beleza natural \u00fanica, inspirador de grandes feitos e de mem\u00f3rias inesquec\u00edveis.<\/p><p>A edi\u00e7\u00e3o de 2024 revela a nova marca - Swim Grand Prix - mais internacional e com novos desafios. Uma nova era come\u00e7a!<\/p>\t\t\t\t\t\t<\/div>\n\t\t\t\t<\/div>\n\t\t\t\t\t<\/div>\n\t\t\t\t<\/div>\n\t\t\t\t\t<\/div>\n\t\t<\/div>\n\t\t\t\t\t<\/div>\n\t\t<\/section>\n\t\t\t\t<\/div>","protected":false},"excerpt":{"rendered":"<p>ABOUT WHAT IS SWIM GRAND PRIX THE MOST CHALLENGING THE MOST REWARDING Face nature in intense competitions, epic scenarios that inspire you to discover new limits in open water. WHO WE ARE With premium open water swimming races since 2012 in scenic sceneries we are adding Ultra and Marathon swimming races, and new crossings to [&hellip;]<\/p>","protected":false},"author":1,"featured_media":0,"parent":0,"menu_order":0,"comment_status":"closed","ping_status":"closed","template":"","meta":{"_monsterinsights_skip_tracking":false,"_monsterinsights_sitenote_active":false,"_monsterinsights_sitenote_note":"","_monsterinsights_sitenote_category":0,"footnotes":""},"aioseo_notices":[],"_links":{"self":[{"href":"https:\/\/swimgp.com\/pt\/wp-json\/wp\/v2\/pages\/607"}],"collection":[{"href":"https:\/\/swimgp.com\/pt\/wp-json\/wp\/v2\/pages"}],"about":[{"href":"https:\/\/swimgp.com\/pt\/wp-json\/wp\/v2\/types\/page"}],"author":[{"embeddable":true,"href":"https:\/\/swimgp.com\/pt\/wp-json\/wp\/v2\/users\/1"}],"replies":[{"embeddable":true,"href":"https:\/\/swimgp.com\/pt\/wp-json\/wp\/v2\/comments?post=607"}],"version-history":[{"count":21,"href":"https:\/\/swimgp.com\/pt\/wp-json\/wp\/v2\/pages\/607\/revisions"}],"predecessor-version":[{"id":10316,"href":"https:\/\/swimgp.com\/pt\/wp-json\/wp\/v2\/pages\/607\/revisions\/10316"}],"wp:attachment":[{"href":"https:\/\/swimgp.com\/pt\/wp-json\/wp\/v2\/media?parent=607"}],"curies":[{"name":"wp","href":"https:\/\/api.w.org\/{rel}","templated":true}]}}