{"id":422,"date":"2023-02-22T15:56:30","date_gmt":"2023-02-22T15:56:30","guid":{"rendered":"https:\/\/swimgp.com\/?page_id=422"},"modified":"2023-03-21T19:05:32","modified_gmt":"2023-03-21T19:05:32","slug":"news","status":"publish","type":"page","link":"https:\/\/swimgp.com\/pt\/news\/","title":{"rendered":"Not\u00edcias"},"content":{"rendered":"<div data-elementor-type=\"wp-page\" data-elementor-id=\"422\" class=\"elementor elementor-422\" data-elementor-post-type=\"page\">\n\t\t\t\t\t\t<section class=\"elementor-section elementor-top-section elementor-element elementor-element-7d76595 elementor-section-full_width elementor-section-height-min-height elementor-section-items-stretch elementor-section-height-default\" data-id=\"7d76595\" data-element_type=\"section\" data-settings=\"{&quot;background_background&quot;:&quot;classic&quot;}\">\n\t\t\t\t\t\t\t<div class=\"elementor-background-overlay\"><\/div>\n\t\t\t\t\t\t\t<div class=\"elementor-container elementor-column-gap-default\">\n\t\t\t\t\t<div class=\"elementor-column elementor-col-100 elementor-top-column elementor-element elementor-element-3ae1a65\" data-id=\"3ae1a65\" data-element_type=\"column\">\n\t\t\t<div class=\"elementor-widget-wrap elementor-element-populated\">\n\t\t\t\t\t\t<div class=\"elementor-element elementor-element-ec45224 elementor-widget elementor-widget-heading\" data-id=\"ec45224\" data-element_type=\"widget\" data-widget_type=\"heading.default\">\n\t\t\t\t<div class=\"elementor-widget-container\">\n\t\t\t<h1 class=\"elementor-heading-title elementor-size-default\">Not\u00edcias<\/h1>\t\t<\/div>\n\t\t\t\t<\/div>\n\t\t\t\t<div class=\"elementor-element elementor-element-ae4b121 elementor-absolute elementor-view-default elementor-invisible elementor-widget elementor-widget-icon\" data-id=\"ae4b121\" data-element_type=\"widget\" data-settings=\"{&quot;_position&quot;:&quot;absolute&quot;,&quot;_animation&quot;:&quot;slideInDown&quot;}\" data-widget_type=\"icon.default\">\n\t\t\t\t<div class=\"elementor-widget-container\">\n\t\t\t\t\t<div class=\"elementor-icon-wrapper\">\n\t\t\t<a class=\"elementor-icon elementor-animation-sink\" href=\"#next\">\n\t\t\t\t\t\t<\/a>\n\t\t<\/div>\n\t\t\t\t<\/div>\n\t\t\t\t<\/div>\n\t\t\t\t\t<\/div>\n\t\t<\/div>\n\t\t\t\t\t<\/div>\n\t\t<\/section>\n\t\t\t\t<section class=\"elementor-section elementor-top-section elementor-element elementor-element-191ea60 elementor-section-full_width elementor-section-height-default elementor-section-height-default\" data-id=\"191ea60\" data-element_type=\"section\">\n\t\t\t\t\t\t<div class=\"elementor-container elementor-column-gap-no\">\n\t\t\t\t\t<div class=\"elementor-column elementor-col-100 elementor-top-column elementor-element elementor-element-5e5f2ab\" data-id=\"5e5f2ab\" data-element_type=\"column\">\n\t\t\t<div class=\"elementor-widget-wrap elementor-element-populated\">\n\t\t\t\t\t\t<div class=\"elementor-element elementor-element-112b4f0 elementor-widget elementor-widget-heading\" data-id=\"112b4f0\" data-element_type=\"widget\" data-widget_type=\"heading.default\">\n\t\t\t\t<div class=\"elementor-widget-container\">\n\t\t\t<h3 class=\"elementor-heading-title elementor-size-default\">VEJA AS NOSSAS \u00daLTIMAS NOT\u00cdCIAS!<\/h3>\t\t<\/div>\n\t\t\t\t<\/div>\n\t\t\t\t<div class=\"elementor-element elementor-element-05355eb elementor-grid-3 elementor-grid-tablet-2 elementor-grid-mobile-1 elementor-posts--thumbnail-top elementor-widget elementor-widget-posts\" data-id=\"05355eb\" data-element_type=\"widget\" data-settings=\"{&quot;classic_columns&quot;:&quot;3&quot;,&quot;classic_columns_tablet&quot;:&quot;2&quot;,&quot;classic_columns_mobile&quot;:&quot;1&quot;,&quot;classic_row_gap&quot;:{&quot;unit&quot;:&quot;px&quot;,&quot;size&quot;:35,&quot;sizes&quot;:[]},&quot;classic_row_gap_tablet&quot;:{&quot;unit&quot;:&quot;px&quot;,&quot;size&quot;:&quot;&quot;,&quot;sizes&quot;:[]},&quot;classic_row_gap_mobile&quot;:{&quot;unit&quot;:&quot;px&quot;,&quot;size&quot;:&quot;&quot;,&quot;sizes&quot;:[]}}\" data-widget_type=\"posts.classic\">\n\t\t\t\t<div class=\"elementor-widget-container\">\n\t\t\t\t\t<div class=\"elementor-posts-container elementor-posts elementor-posts--skin-classic elementor-grid\">\n\t\t\t\t<article class=\"elementor-post elementor-grid-item post-3316 news type-news status-publish has-post-thumbnail hentry\">\n\t\t\t\t<a class=\"elementor-post__thumbnail__link\" href=\"https:\/\/swimgp.com\/pt\/team\/travessia-lisboa-cascais-lidl-swim-challenge-cascais-2023-registrations-open\/\" tabindex=\"-1\" >\n\t\t\t<div class=\"elementor-post__thumbnail\"><img fetchpriority=\"high\" decoding=\"async\" width=\"800\" height=\"534\" src=\"https:\/\/swimgp.com\/wp-content\/uploads\/2023\/03\/LIDLSwimChallenge-2022-092-1024x683.jpg\" class=\"attachment-large size-large wp-image-1885\" alt=\"\" srcset=\"https:\/\/swimgp.com\/wp-content\/uploads\/2023\/03\/LIDLSwimChallenge-2022-092-1024x683.jpg 1024w, https:\/\/swimgp.com\/wp-content\/uploads\/2023\/03\/LIDLSwimChallenge-2022-092-300x200.jpg 300w, https:\/\/swimgp.com\/wp-content\/uploads\/2023\/03\/LIDLSwimChallenge-2022-092-768x512.jpg 768w, https:\/\/swimgp.com\/wp-content\/uploads\/2023\/03\/LIDLSwimChallenge-2022-092-18x12.jpg 18w, https:\/\/swimgp.com\/wp-content\/uploads\/2023\/03\/LIDLSwimChallenge-2022-092.jpg 1200w\" sizes=\"(max-width: 800px) 100vw, 800px\" \/><\/div>\n\t\t<\/a>\n\t\t\t\t<div class=\"elementor-post__text\">\n\t\t\t\t<h3 class=\"elementor-post__title\">\n\t\t\t<a href=\"https:\/\/swimgp.com\/pt\/team\/travessia-lisboa-cascais-lidl-swim-challenge-cascais-2023-registrations-open\/\" >\n\t\t\t\tTravessia Lisboa-Cascais &amp; LIDL Swim Challenge Cascais 2023 | Inscri\u00e7\u00f5es Abertas\t\t\t<\/a>\n\t\t<\/h3>\n\t\t\t\t<div class=\"elementor-post__meta-data\">\n\t\t\t\t\t<span class=\"elementor-post-date\">\n\t\t\tMar\u00e7o 28, 2023\t\t<\/span>\n\t\t\t\t<\/div>\n\t\t\t\t<div class=\"elementor-post__excerpt\">\n\t\t\t<p>O Swim Challenge est\u00e1 de volta! Este ano com not\u00edcias frescas para agitar as \u00e1guas: lan\u00e7amos a Travessia Lisboa-Cascais, uma prova de 20 km, parte da Ultra Marathon Swim Series da WOWSA,<\/p>\n\t\t<\/div>\n\t\t\n\t\t<a class=\"elementor-post__read-more\" href=\"https:\/\/swimgp.com\/pt\/team\/travessia-lisboa-cascais-lidl-swim-challenge-cascais-2023-registrations-open\/\" aria-label=\"Read more about Travessia Lisboa-Cascais &#038; LIDL Swim Challenge Cascais 2023 | Registrations Open\" tabindex=\"-1\" >\n\t\t\tLeia mais \u00bb\t\t<\/a>\n\n\t\t\t\t<\/div>\n\t\t\t\t<\/article>\n\t\t\t\t<article class=\"elementor-post elementor-grid-item post-447 news type-news status-publish has-post-thumbnail hentry\">\n\t\t\t\t<a class=\"elementor-post__thumbnail__link\" href=\"https:\/\/swimgp.com\/pt\/team\/lidl-swim-challenge-2022-todas-as-informacoes\/\" tabindex=\"-1\" >\n\t\t\t<div class=\"elementor-post__thumbnail\"><img decoding=\"async\" width=\"800\" height=\"534\" src=\"https:\/\/swimgp.com\/wp-content\/uploads\/2023\/03\/LIDLSwimChallenge-2022-332-1024x683.jpg\" class=\"attachment-large size-large wp-image-2131\" alt=\"\" srcset=\"https:\/\/swimgp.com\/wp-content\/uploads\/2023\/03\/LIDLSwimChallenge-2022-332-1024x683.jpg 1024w, https:\/\/swimgp.com\/wp-content\/uploads\/2023\/03\/LIDLSwimChallenge-2022-332-300x200.jpg 300w, https:\/\/swimgp.com\/wp-content\/uploads\/2023\/03\/LIDLSwimChallenge-2022-332-768x512.jpg 768w, https:\/\/swimgp.com\/wp-content\/uploads\/2023\/03\/LIDLSwimChallenge-2022-332-18x12.jpg 18w, https:\/\/swimgp.com\/wp-content\/uploads\/2023\/03\/LIDLSwimChallenge-2022-332.jpg 1200w\" sizes=\"(max-width: 800px) 100vw, 800px\" \/><\/div>\n\t\t<\/a>\n\t\t\t\t<div class=\"elementor-post__text\">\n\t\t\t\t<h3 class=\"elementor-post__title\">\n\t\t\t<a href=\"https:\/\/swimgp.com\/pt\/team\/lidl-swim-challenge-2022-todas-as-informacoes\/\" >\n\t\t\t\tLIDL Swim Challenge 2022 Todas as Informa\u00e7\u00f5es\t\t\t<\/a>\n\t\t<\/h3>\n\t\t\t\t<div class=\"elementor-post__meta-data\">\n\t\t\t\t\t<span class=\"elementor-post-date\">\n\t\t\tMaio 19, 2022\t\t<\/span>\n\t\t\t\t<\/div>\n\t\t\t\t<div class=\"elementor-post__excerpt\">\n\t\t\t<p>Aproxima-se o grande dia da 10\u00aa edi\u00e7\u00e3o do LIDL Swim Challenge Cascais. \u00c9 j\u00e1 no pr\u00f3ximo fim-de-semana que acontece, na Praia da Ribeira, o maior evento<\/p>\n\t\t<\/div>\n\t\t\n\t\t<a class=\"elementor-post__read-more\" href=\"https:\/\/swimgp.com\/pt\/team\/lidl-swim-challenge-2022-todas-as-informacoes\/\" aria-label=\"Read more about LIDL Swim Challenge 2022 All Info\" tabindex=\"-1\" >\n\t\t\tLeia mais \u00bb\t\t<\/a>\n\n\t\t\t\t<\/div>\n\t\t\t\t<\/article>\n\t\t\t\t<article class=\"elementor-post elementor-grid-item post-449 news type-news status-publish has-post-thumbnail hentry\">\n\t\t\t\t<a class=\"elementor-post__thumbnail__link\" href=\"https:\/\/swimgp.com\/pt\/team\/lidl-swim-challenge-2021-resultados-e-fotos\/\" tabindex=\"-1\" >\n\t\t\t<div class=\"elementor-post__thumbnail\"><img decoding=\"async\" width=\"800\" height=\"534\" src=\"https:\/\/swimgp.com\/wp-content\/uploads\/2023\/03\/LIDLSwimChallenge-2022-274-1024x683.jpg\" class=\"attachment-large size-large wp-image-2071\" alt=\"\" srcset=\"https:\/\/swimgp.com\/wp-content\/uploads\/2023\/03\/LIDLSwimChallenge-2022-274-1024x683.jpg 1024w, https:\/\/swimgp.com\/wp-content\/uploads\/2023\/03\/LIDLSwimChallenge-2022-274-300x200.jpg 300w, https:\/\/swimgp.com\/wp-content\/uploads\/2023\/03\/LIDLSwimChallenge-2022-274-768x512.jpg 768w, https:\/\/swimgp.com\/wp-content\/uploads\/2023\/03\/LIDLSwimChallenge-2022-274-18x12.jpg 18w, https:\/\/swimgp.com\/wp-content\/uploads\/2023\/03\/LIDLSwimChallenge-2022-274.jpg 1200w\" sizes=\"(max-width: 800px) 100vw, 800px\" \/><\/div>\n\t\t<\/a>\n\t\t\t\t<div class=\"elementor-post__text\">\n\t\t\t\t<h3 class=\"elementor-post__title\">\n\t\t\t<a href=\"https:\/\/swimgp.com\/pt\/team\/lidl-swim-challenge-2021-resultados-e-fotos\/\" >\n\t\t\t\tLIDL Swim Challenge 2021 Resultados e Fotos\t\t\t<\/a>\n\t\t<\/h3>\n\t\t\t\t<div class=\"elementor-post__meta-data\">\n\t\t\t\t\t<span class=\"elementor-post-date\">\n\t\t\tSetembro 6, 2021\t\t<\/span>\n\t\t\t\t<\/div>\n\t\t\t\t<div class=\"elementor-post__excerpt\">\n\t\t\t<p>Est\u00e3o dispon\u00edveis os resultados da 9\u00aa edi\u00e7\u00e3o do LIDL Swim Challenge. N\u00e3o perca os melhores momentos registados na galeria do evento.<\/p>\n\t\t<\/div>\n\t\t\n\t\t<a class=\"elementor-post__read-more\" href=\"https:\/\/swimgp.com\/pt\/team\/lidl-swim-challenge-2021-resultados-e-fotos\/\" aria-label=\"Read more about LIDL Swim Challenge 2021 Results and Pictures\" tabindex=\"-1\" >\n\t\t\tLeia mais \u00bb\t\t<\/a>\n\n\t\t\t\t<\/div>\n\t\t\t\t<\/article>\n\t\t\t\t<article class=\"elementor-post elementor-grid-item post-450 news type-news status-publish has-post-thumbnail hentry\">\n\t\t\t\t<a class=\"elementor-post__thumbnail__link\" href=\"https:\/\/swimgp.com\/pt\/team\/lidl-swim-challenge-2021-inscricoes-abertas\/\" tabindex=\"-1\" >\n\t\t\t<div class=\"elementor-post__thumbnail\"><img loading=\"lazy\" decoding=\"async\" width=\"800\" height=\"534\" src=\"https:\/\/swimgp.com\/wp-content\/uploads\/2023\/03\/LIDLSwimChallenge-2022-119-1024x683.jpg\" class=\"attachment-large size-large wp-image-1913\" alt=\"\" srcset=\"https:\/\/swimgp.com\/wp-content\/uploads\/2023\/03\/LIDLSwimChallenge-2022-119-1024x683.jpg 1024w, https:\/\/swimgp.com\/wp-content\/uploads\/2023\/03\/LIDLSwimChallenge-2022-119-300x200.jpg 300w, https:\/\/swimgp.com\/wp-content\/uploads\/2023\/03\/LIDLSwimChallenge-2022-119-768x512.jpg 768w, https:\/\/swimgp.com\/wp-content\/uploads\/2023\/03\/LIDLSwimChallenge-2022-119-18x12.jpg 18w, https:\/\/swimgp.com\/wp-content\/uploads\/2023\/03\/LIDLSwimChallenge-2022-119.jpg 1200w\" sizes=\"(max-width: 800px) 100vw, 800px\" \/><\/div>\n\t\t<\/a>\n\t\t\t\t<div class=\"elementor-post__text\">\n\t\t\t\t<h3 class=\"elementor-post__title\">\n\t\t\t<a href=\"https:\/\/swimgp.com\/pt\/team\/lidl-swim-challenge-2021-inscricoes-abertas\/\" >\n\t\t\t\tLIDL Swim Challenge 2021 Inscri\u00e7\u00f5es Abertas\t\t\t<\/a>\n\t\t<\/h3>\n\t\t\t\t<div class=\"elementor-post__meta-data\">\n\t\t\t\t\t<span class=\"elementor-post-date\">\n\t\t\tAgosto 1, 2021\t\t<\/span>\n\t\t\t\t<\/div>\n\t\t\t\t<div class=\"elementor-post__excerpt\">\n\t\t\t<p>A 9\u00aa edi\u00e7\u00e3o do LIDL Swim Challenge est\u00e1 agendada para o dia 5 de setembro de 2021, domingo, na praia da Ribeira.\nAs inscri\u00e7\u00f5es est\u00e3o abertas para as provas: 1km<\/p>\n\t\t<\/div>\n\t\t\n\t\t<a class=\"elementor-post__read-more\" href=\"https:\/\/swimgp.com\/pt\/team\/lidl-swim-challenge-2021-inscricoes-abertas\/\" aria-label=\"Read more about LIDL Swim Challenge 2021 Registration Open\" tabindex=\"-1\" >\n\t\t\tLeia mais \u00bb\t\t<\/a>\n\n\t\t\t\t<\/div>\n\t\t\t\t<\/article>\n\t\t\t\t<article class=\"elementor-post elementor-grid-item post-452 news type-news status-publish has-post-thumbnail hentry\">\n\t\t\t\t<a class=\"elementor-post__thumbnail__link\" href=\"https:\/\/swimgp.com\/pt\/team\/cancelamento-swim-challenge\/\" tabindex=\"-1\" >\n\t\t\t<div class=\"elementor-post__thumbnail\"><img loading=\"lazy\" decoding=\"async\" width=\"800\" height=\"534\" src=\"https:\/\/swimgp.com\/wp-content\/uploads\/2023\/03\/LIDLSwimChallenge-2022-030-1024x683.jpg\" class=\"attachment-large size-large wp-image-1821\" alt=\"\" srcset=\"https:\/\/swimgp.com\/wp-content\/uploads\/2023\/03\/LIDLSwimChallenge-2022-030-1024x683.jpg 1024w, https:\/\/swimgp.com\/wp-content\/uploads\/2023\/03\/LIDLSwimChallenge-2022-030-300x200.jpg 300w, https:\/\/swimgp.com\/wp-content\/uploads\/2023\/03\/LIDLSwimChallenge-2022-030-768x512.jpg 768w, https:\/\/swimgp.com\/wp-content\/uploads\/2023\/03\/LIDLSwimChallenge-2022-030-18x12.jpg 18w, https:\/\/swimgp.com\/wp-content\/uploads\/2023\/03\/LIDLSwimChallenge-2022-030.jpg 1200w\" sizes=\"(max-width: 800px) 100vw, 800px\" \/><\/div>\n\t\t<\/a>\n\t\t\t\t<div class=\"elementor-post__text\">\n\t\t\t\t<h3 class=\"elementor-post__title\">\n\t\t\t<a href=\"https:\/\/swimgp.com\/pt\/team\/cancelamento-swim-challenge\/\" >\n\t\t\t\tCancelamento Swim Challenge\t\t\t<\/a>\n\t\t<\/h3>\n\t\t\t\t<div class=\"elementor-post__meta-data\">\n\t\t\t\t\t<span class=\"elementor-post-date\">\n\t\t\tMaio 20, 2020\t\t<\/span>\n\t\t\t\t<\/div>\n\t\t\t\t<div class=\"elementor-post__excerpt\">\n\t\t\t<p>Lamentamos informar que, no \u00e2mbito das medidas restritivas que t\u00eam sido impostas devido \u00e0 pandemia COVID-19 e apesar de todos os esfor\u00e7os efectuados,<\/p>\n\t\t<\/div>\n\t\t\n\t\t<a class=\"elementor-post__read-more\" href=\"https:\/\/swimgp.com\/pt\/team\/cancelamento-swim-challenge\/\" aria-label=\"Read more about Cancellation Swim Challenge\" tabindex=\"-1\" >\n\t\t\tLeia mais \u00bb\t\t<\/a>\n\n\t\t\t\t<\/div>\n\t\t\t\t<\/article>\n\t\t\t\t<\/div>\n\t\t\n\t\t\t\t<\/div>\n\t\t\t\t<\/div>\n\t\t\t\t\t<\/div>\n\t\t<\/div>\n\t\t\t\t\t<\/div>\n\t\t<\/section>\n\t\t\t\t<\/div>","protected":false},"excerpt":{"rendered":"<p>News CHECK OUT OUR LASTEST NEWS!<\/p>","protected":false},"author":1,"featured_media":0,"parent":0,"menu_order":0,"comment_status":"closed","ping_status":"closed","template":"","meta":{"_monsterinsights_skip_tracking":false,"_monsterinsights_sitenote_active":false,"_monsterinsights_sitenote_note":"","_monsterinsights_sitenote_category":0,"footnotes":""},"aioseo_notices":[],"_links":{"self":[{"href":"https:\/\/swimgp.com\/pt\/wp-json\/wp\/v2\/pages\/422"}],"collection":[{"href":"https:\/\/swimgp.com\/pt\/wp-json\/wp\/v2\/pages"}],"about":[{"href":"https:\/\/swimgp.com\/pt\/wp-json\/wp\/v2\/types\/page"}],"author":[{"embeddable":true,"href":"https:\/\/swimgp.com\/pt\/wp-json\/wp\/v2\/users\/1"}],"replies":[{"embeddable":true,"href":"https:\/\/swimgp.com\/pt\/wp-json\/wp\/v2\/comments?post=422"}],"version-history":[{"count":0,"href":"https:\/\/swimgp.com\/pt\/wp-json\/wp\/v2\/pages\/422\/revisions"}],"wp:attachment":[{"href":"https:\/\/swimgp.com\/pt\/wp-json\/wp\/v2\/media?parent=422"}],"curies":[{"name":"wp","href":"https:\/\/api.w.org\/{rel}","templated":true}]}}