{"id":3622,"date":"2023-07-31T20:57:24","date_gmt":"2023-07-31T20:57:24","guid":{"rendered":"https:\/\/swimgp.com\/?page_id=3622"},"modified":"2024-02-14T15:10:08","modified_gmt":"2024-02-14T15:10:08","slug":"ultramarathon-swim-series","status":"publish","type":"page","link":"https:\/\/swimgp.com\/pt\/ultramarathon-swim-series\/","title":{"rendered":"ULTRAMARATHON SWIM SERIES"},"content":{"rendered":"<div data-elementor-type=\"wp-page\" data-elementor-id=\"3622\" class=\"elementor elementor-3622\" data-elementor-post-type=\"page\">\n\t\t\t\t\t\t<section class=\"elementor-section elementor-top-section elementor-element elementor-element-2ac0808 elementor-section-full_width elementor-section-height-min-height elementor-section-items-stretch elementor-section-height-default\" data-id=\"2ac0808\" data-element_type=\"section\" data-settings=\"{&quot;background_background&quot;:&quot;classic&quot;}\">\n\t\t\t\t\t\t\t<div class=\"elementor-background-overlay\"><\/div>\n\t\t\t\t\t\t\t<div class=\"elementor-container elementor-column-gap-default\">\n\t\t\t\t\t<div class=\"elementor-column elementor-col-100 elementor-top-column elementor-element elementor-element-dc37539\" data-id=\"dc37539\" data-element_type=\"column\">\n\t\t\t<div class=\"elementor-widget-wrap elementor-element-populated\">\n\t\t\t\t\t\t<div class=\"elementor-element elementor-element-0b87e1c elementor-widget elementor-widget-heading\" data-id=\"0b87e1c\" data-element_type=\"widget\" data-widget_type=\"heading.default\">\n\t\t\t\t<div class=\"elementor-widget-container\">\n\t\t\t<h1 class=\"elementor-heading-title elementor-size-default\">ULTRAMARATHON SWIM SERIES<\/h1>\t\t<\/div>\n\t\t\t\t<\/div>\n\t\t\t\t<div class=\"elementor-element elementor-element-facc656 elementor-absolute elementor-view-default elementor-invisible elementor-widget elementor-widget-icon\" data-id=\"facc656\" data-element_type=\"widget\" data-settings=\"{&quot;_position&quot;:&quot;absolute&quot;,&quot;_animation&quot;:&quot;slideInDown&quot;}\" data-widget_type=\"icon.default\">\n\t\t\t\t<div class=\"elementor-widget-container\">\n\t\t\t\t\t<div class=\"elementor-icon-wrapper\">\n\t\t\t<a class=\"elementor-icon elementor-animation-sink\" href=\"#next\">\n\t\t\t\t\t\t<\/a>\n\t\t<\/div>\n\t\t\t\t<\/div>\n\t\t\t\t<\/div>\n\t\t\t\t\t<\/div>\n\t\t<\/div>\n\t\t\t\t\t<\/div>\n\t\t<\/section>\n\t\t<div class=\"elementor-element elementor-element-af6f6ed e-flex e-con-boxed e-con e-parent\" data-id=\"af6f6ed\" data-element_type=\"container\" data-settings=\"{&quot;content_width&quot;:&quot;boxed&quot;}\" data-core-v316-plus=\"true\">\n\t\t\t\t\t<div class=\"e-con-inner\">\n\t\t\t\t<div class=\"elementor-element elementor-element-a319426 elementor-widget elementor-widget-image\" data-id=\"a319426\" data-element_type=\"widget\" data-widget_type=\"image.default\">\n\t\t\t\t<div class=\"elementor-widget-container\">\n\t\t\t\t\t\t\t\t\t\t\t\t\t\t<a href=\"https:\/\/ultramarathonswimseries.com\/\">\n\t\t\t\t\t\t\t<img fetchpriority=\"high\" decoding=\"async\" width=\"540\" height=\"540\" src=\"https:\/\/swimgp.com\/wp-content\/uploads\/2023\/07\/ultralogowowsa.png\" class=\"attachment-large size-large wp-image-3624\" alt=\"\" srcset=\"https:\/\/swimgp.com\/wp-content\/uploads\/2023\/07\/ultralogowowsa.png 540w, https:\/\/swimgp.com\/wp-content\/uploads\/2023\/07\/ultralogowowsa-300x300.png 300w, https:\/\/swimgp.com\/wp-content\/uploads\/2023\/07\/ultralogowowsa-150x150.png 150w, https:\/\/swimgp.com\/wp-content\/uploads\/2023\/07\/ultralogowowsa-12x12.png 12w\" sizes=\"(max-width: 540px) 100vw, 540px\" \/>\t\t\t\t\t\t\t\t<\/a>\n\t\t\t\t\t\t\t\t\t\t\t\t\t<\/div>\n\t\t\t\t<\/div>\n\t\t\t\t\t<\/div>\n\t\t\t\t<\/div>\n\t\t\t\t<section class=\"elementor-section elementor-top-section elementor-element elementor-element-ea60598 elementor-section-full_width elementor-reverse-tablet elementor-reverse-mobile elementor-section-height-default elementor-section-height-default\" data-id=\"ea60598\" data-element_type=\"section\">\n\t\t\t\t\t\t<div class=\"elementor-container elementor-column-gap-default\">\n\t\t\t\t\t<div class=\"elementor-column elementor-col-100 elementor-top-column elementor-element elementor-element-fb675dd\" data-id=\"fb675dd\" data-element_type=\"column\">\n\t\t\t<div class=\"elementor-widget-wrap elementor-element-populated\">\n\t\t\t\t\t\t<div class=\"elementor-element elementor-element-a803500 elementor-widget elementor-widget-text-editor\" data-id=\"a803500\" data-element_type=\"widget\" data-widget_type=\"text-editor.default\">\n\t\t\t\t<div class=\"elementor-widget-container\">\n\t\t\t\t\t\t\t<p style=\"text-align: center;\">Pela segunda vez, Portugal vai receber uma etapa do mais desafiante circuito de ultra-\nmaratonas de nata\u00e7\u00e3o em \u00e1guas abertas, o <span style=\"color: #0095da;\"><a style=\"color: #0095da;\" href=\"https:\/\/ultramarathonswimseries.com\/\"><strong>Ultramarathon Swim Series<\/strong><\/a>,<\/span> organizado pela World Open Water\nSwimming Association (WOWSA).<\/p><p style=\"text-align: center;\">A Travessia Lisboa Cascais, que ter\u00e1 lugar no dia 21 de setembro com um percurso de 20km, \u00e9 a prova mais longa alguma vez realizada\nem Portugal Continental.<\/p>\t\t\t\t\t\t<\/div>\n\t\t\t\t<\/div>\n\t\t\t\t\t<\/div>\n\t\t<\/div>\n\t\t\t\t\t<\/div>\n\t\t<\/section>\n\t\t<div class=\"elementor-element elementor-element-b4a5173 e-con-full elementor-hidden-desktop elementor-hidden-tablet elementor-hidden-mobile e-flex e-con e-parent\" data-id=\"b4a5173\" data-element_type=\"container\" data-settings=\"{&quot;content_width&quot;:&quot;full&quot;,&quot;background_background&quot;:&quot;classic&quot;}\" data-core-v316-plus=\"true\">\n\t\t\t\t<div class=\"elementor-element elementor-element-13533d9 elementor-hidden-desktop elementor-hidden-tablet elementor-hidden-mobile elementor-widget elementor-widget-image\" data-id=\"13533d9\" data-element_type=\"widget\" data-widget_type=\"image.default\">\n\t\t\t\t<div class=\"elementor-widget-container\">\n\t\t\t\t\t\t\t\t\t\t\t\t\t<img decoding=\"async\" width=\"800\" height=\"318\" src=\"https:\/\/swimgp.com\/wp-content\/uploads\/2023\/08\/man-horizontal-1024x407.png\" class=\"attachment-large size-large wp-image-3653\" alt=\"\" srcset=\"https:\/\/swimgp.com\/wp-content\/uploads\/2023\/08\/man-horizontal-1024x407.png 1024w, https:\/\/swimgp.com\/wp-content\/uploads\/2023\/08\/man-horizontal-300x119.png 300w, https:\/\/swimgp.com\/wp-content\/uploads\/2023\/08\/man-horizontal-768x305.png 768w, https:\/\/swimgp.com\/wp-content\/uploads\/2023\/08\/man-horizontal-18x7.png 18w, https:\/\/swimgp.com\/wp-content\/uploads\/2023\/08\/man-horizontal.png 1417w\" sizes=\"(max-width: 800px) 100vw, 800px\" \/>\t\t\t\t\t\t\t\t\t\t\t\t\t<\/div>\n\t\t\t\t<\/div>\n\t\t\t\t<\/div>\n\t\t\t\t<section class=\"elementor-section elementor-top-section elementor-element elementor-element-51e72c6 elementor-section-full_width elementor-reverse-tablet elementor-reverse-mobile elementor-section-height-default elementor-section-height-default\" data-id=\"51e72c6\" data-element_type=\"section\" data-settings=\"{&quot;background_background&quot;:&quot;classic&quot;}\">\n\t\t\t\t\t\t<div class=\"elementor-container elementor-column-gap-default\">\n\t\t\t\t\t<div class=\"elementor-column elementor-col-100 elementor-top-column elementor-element elementor-element-6b29ddf\" data-id=\"6b29ddf\" data-element_type=\"column\">\n\t\t\t<div class=\"elementor-widget-wrap elementor-element-populated\">\n\t\t\t\t\t\t<div class=\"elementor-element elementor-element-47b87af elementor-widget elementor-widget-text-editor\" data-id=\"47b87af\" data-element_type=\"widget\" data-widget_type=\"text-editor.default\">\n\t\t\t\t<div class=\"elementor-widget-container\">\n\t\t\t\t\t\t\t<p style=\"text-align: center;\"><strong>Jorge Paulo Pereira, organizador do evento Swim Grand Prix:<\/strong><\/p><p style=\"text-align: center;\"><em>\"Este convite deu-nos a oportunidade \u00fanica de criar em Portugal, uma das\u00a0<\/em><em>provas mais desafiantes do mundo e fazer parte de um circuito mundial. Sermos\u00a0<\/em><em>reconhecidos internacionalmente pela nossa trajet\u00f3ria no desporto enche-nos de orgulho, em<\/em><br \/><em>particular para a nata\u00e7\u00e3o de \u00e1guas abertas.\"<\/em><\/p><p style=\"text-align: center;\"><i><br \/><\/i><em>\"Est\u00e1 confirmada a participa\u00e7\u00e3o de atletas de renome mundial nas provas Travessia\u00a0<\/em><em>Lisboa Cascais 20km e Travessia Oeiras Cascais 10km, atra\u00eddos pela\u00a0<\/em><em>singularidade de nadar no estu\u00e1rio do Tejo e ao longo de uma costa deslumbrante,\u00a0<\/em><em>que \u00e9 um verdadeiro postal. A nata\u00e7\u00e3o em \u00e1guas abertas tem uma rica tradi\u00e7\u00e3o no nosso\u00a0<\/em><em>pa\u00eds e esperamos reavivar feitos significativos do passado para inspirar\u00a0<\/em><em>uma nova gera\u00e7\u00e3o de nadadores. Prevemos uma participa\u00e7\u00e3o internacional\u00a0<\/em><em>recorde neste festival de nata\u00e7\u00e3o que envolve os munic\u00edpios de Cascais, Oeiras\u00a0<\/em><em>e Lisboa\".<\/em><\/p>\t\t\t\t\t\t<\/div>\n\t\t\t\t<\/div>\n\t\t\t\t\t<\/div>\n\t\t<\/div>\n\t\t\t\t\t<\/div>\n\t\t<\/section>\n\t\t<div class=\"elementor-element elementor-element-1433c6f e-flex e-con-boxed e-con e-parent\" data-id=\"1433c6f\" data-element_type=\"container\" data-settings=\"{&quot;content_width&quot;:&quot;boxed&quot;}\" data-core-v316-plus=\"true\">\n\t\t\t\t\t<div class=\"e-con-inner\">\n\t\t\t\t<div class=\"elementor-element elementor-element-d1a9b49 elementor-widget elementor-widget-heading\" data-id=\"d1a9b49\" data-element_type=\"widget\" data-widget_type=\"heading.default\">\n\t\t\t\t<div class=\"elementor-widget-container\">\n\t\t\t<h2 class=\"elementor-heading-title elementor-size-default\">EVENTOS RELACIONADOS<\/h2>\t\t<\/div>\n\t\t\t\t<\/div>\n\t\t<div class=\"elementor-element elementor-element-8919d03 elementor-hidden-desktop elementor-hidden-tablet elementor-hidden-mobile e-flex e-con-boxed e-con e-child\" data-id=\"8919d03\" data-element_type=\"container\" data-settings=\"{&quot;content_width&quot;:&quot;boxed&quot;}\">\n\t\t\t\t\t<div class=\"e-con-inner\">\n\t\t<div class=\"elementor-element elementor-element-94a2003 e-con-full e-flex e-con e-child\" data-id=\"94a2003\" data-element_type=\"container\" data-settings=\"{&quot;content_width&quot;:&quot;full&quot;,&quot;background_background&quot;:&quot;classic&quot;}\">\n\t\t<div class=\"elementor-element elementor-element-11ab39f e-flex e-con-boxed e-con e-child\" data-id=\"11ab39f\" data-element_type=\"container\" data-settings=\"{&quot;background_background&quot;:&quot;classic&quot;,&quot;content_width&quot;:&quot;boxed&quot;}\">\n\t\t\t\t\t<div class=\"e-con-inner\">\n\t\t\t\t\t<\/div>\n\t\t\t\t<\/div>\n\t\t<div class=\"elementor-element elementor-element-de91c9c e-con-full e-flex e-con e-child\" data-id=\"de91c9c\" data-element_type=\"container\" data-settings=\"{&quot;content_width&quot;:&quot;full&quot;,&quot;background_background&quot;:&quot;classic&quot;}\">\n\t\t\t\t<div class=\"elementor-element elementor-element-5e4e285 elementor-widget elementor-widget-heading\" data-id=\"5e4e285\" data-element_type=\"widget\" data-widget_type=\"heading.default\">\n\t\t\t\t<div class=\"elementor-widget-container\">\n\t\t\t<h3 class=\"elementor-heading-title elementor-size-default\">MARATONA DEL <br>GOLFO CAPRI-NAPOLI<\/h3>\t\t<\/div>\n\t\t\t\t<\/div>\n\t\t\t\t<div class=\"elementor-element elementor-element-e74d567 elementor-widget elementor-widget-heading\" data-id=\"e74d567\" data-element_type=\"widget\" data-widget_type=\"heading.default\">\n\t\t\t\t<div class=\"elementor-widget-container\">\n\t\t\t<h6 class=\"elementor-heading-title elementor-size-default\">CAPRI-NAPOLI, IT\u00c1LIA<\/h6>\t\t<\/div>\n\t\t\t\t<\/div>\n\t\t\t\t<\/div>\n\t\t\t\t<\/div>\n\t\t<div class=\"elementor-element elementor-element-7547e24 e-con-full e-flex e-con e-child\" data-id=\"7547e24\" data-element_type=\"container\" data-settings=\"{&quot;content_width&quot;:&quot;full&quot;,&quot;background_background&quot;:&quot;classic&quot;}\">\n\t\t<div class=\"elementor-element elementor-element-556da1a e-flex e-con-boxed e-con e-child\" data-id=\"556da1a\" data-element_type=\"container\" data-settings=\"{&quot;background_background&quot;:&quot;classic&quot;,&quot;content_width&quot;:&quot;boxed&quot;}\">\n\t\t\t\t\t<div class=\"e-con-inner\">\n\t\t\t\t\t<\/div>\n\t\t\t\t<\/div>\n\t\t<div class=\"elementor-element elementor-element-9501a36 e-con-full e-flex e-con e-child\" data-id=\"9501a36\" data-element_type=\"container\" data-settings=\"{&quot;content_width&quot;:&quot;full&quot;,&quot;background_background&quot;:&quot;classic&quot;}\">\n\t\t\t\t<div class=\"elementor-element elementor-element-e3145c4 elementor-widget elementor-widget-heading\" data-id=\"e3145c4\" data-element_type=\"widget\" data-widget_type=\"heading.default\">\n\t\t\t\t<div class=\"elementor-widget-container\">\n\t\t\t<h3 class=\"elementor-heading-title elementor-size-default\"><a href=\"https:\/\/ultramarathonswimseries.com\/events\/traversee-internationale-du-lac-st-jean\/\">TRAVERS\u00c9E INTERNATIONALE <br>DU LAC ST-JEAN<\/a><\/h3>\t\t<\/div>\n\t\t\t\t<\/div>\n\t\t\t\t<div class=\"elementor-element elementor-element-65bd062 elementor-widget elementor-widget-heading\" data-id=\"65bd062\" data-element_type=\"widget\" data-widget_type=\"heading.default\">\n\t\t\t\t<div class=\"elementor-widget-container\">\n\t\t\t<h6 class=\"elementor-heading-title elementor-size-default\">LAGO ST-JEAN, CANAD\u00c1<\/h6>\t\t<\/div>\n\t\t\t\t<\/div>\n\t\t\t\t<\/div>\n\t\t\t\t<\/div>\n\t\t<div class=\"elementor-element elementor-element-505c073 e-con-full e-flex e-con e-child\" data-id=\"505c073\" data-element_type=\"container\" data-settings=\"{&quot;content_width&quot;:&quot;full&quot;,&quot;background_background&quot;:&quot;classic&quot;}\">\n\t\t<div class=\"elementor-element elementor-element-9c261ac e-flex e-con-boxed e-con e-child\" data-id=\"9c261ac\" data-element_type=\"container\" data-settings=\"{&quot;background_background&quot;:&quot;classic&quot;,&quot;content_width&quot;:&quot;boxed&quot;}\">\n\t\t\t\t\t<div class=\"e-con-inner\">\n\t\t\t\t\t<\/div>\n\t\t\t\t<\/div>\n\t\t<div class=\"elementor-element elementor-element-a490c4d e-con-full e-flex e-con e-child\" data-id=\"a490c4d\" data-element_type=\"container\" data-settings=\"{&quot;content_width&quot;:&quot;full&quot;,&quot;background_background&quot;:&quot;classic&quot;}\">\n\t\t\t\t<div class=\"elementor-element elementor-element-7ac2108 elementor-widget elementor-widget-heading\" data-id=\"7ac2108\" data-element_type=\"widget\" data-widget_type=\"heading.default\">\n\t\t\t\t<div class=\"elementor-widget-container\">\n\t\t\t<h3 class=\"elementor-heading-title elementor-size-default\">TRANS TAHOE SOLO<\/h3>\t\t<\/div>\n\t\t\t\t<\/div>\n\t\t\t\t<div class=\"elementor-element elementor-element-d6d0cc1 elementor-widget elementor-widget-heading\" data-id=\"d6d0cc1\" data-element_type=\"widget\" data-widget_type=\"heading.default\">\n\t\t\t\t<div class=\"elementor-widget-container\">\n\t\t\t<h6 class=\"elementor-heading-title elementor-size-default\">LAGO TAHOE, EUA<\/h6>\t\t<\/div>\n\t\t\t\t<\/div>\n\t\t\t\t<\/div>\n\t\t\t\t<\/div>\n\t\t\t\t\t<\/div>\n\t\t\t\t<\/div>\n\t\t\t\t\t<\/div>\n\t\t\t\t<\/div>\n\t\t<div class=\"elementor-element elementor-element-72edd00 e-con-full e-flex e-con e-parent\" data-id=\"72edd00\" data-element_type=\"container\" data-settings=\"{&quot;content_width&quot;:&quot;full&quot;}\" data-core-v316-plus=\"true\">\n\t\t\t\t<div class=\"elementor-element elementor-element-85f05d9 elementor--h-position-center elementor--v-position-middle elementor-arrows-position-inside elementor-pagination-position-inside elementor-widget elementor-widget-slides\" data-id=\"85f05d9\" data-element_type=\"widget\" data-settings=\"{&quot;navigation&quot;:&quot;both&quot;,&quot;autoplay&quot;:&quot;yes&quot;,&quot;pause_on_hover&quot;:&quot;yes&quot;,&quot;pause_on_interaction&quot;:&quot;yes&quot;,&quot;autoplay_speed&quot;:5000,&quot;infinite&quot;:&quot;yes&quot;,&quot;transition&quot;:&quot;slide&quot;,&quot;transition_speed&quot;:500}\" data-widget_type=\"slides.default\">\n\t\t\t\t<div class=\"elementor-widget-container\">\n\t\t\t\t\t<div class=\"elementor-swiper\">\n\t\t\t<div class=\"elementor-slides-wrapper elementor-main-swiper swiper-container\" dir=\"ltr\" data-animation=\"fadeInUp\">\n\t\t\t\t<div class=\"swiper-wrapper elementor-slides\">\n\t\t\t\t\t\t\t\t\t\t<div class=\"elementor-repeater-item-c296ad0 swiper-slide\"><div class=\"swiper-slide-bg elementor-ken-burns elementor-ken-burns--in\" role=\"img\"><\/div><div class=\"elementor-background-overlay\"><\/div><a class=\"swiper-slide-inner\" href=\"https:\/\/ultramarathonswimseries.com\/events\/maratona-del-golfo-capri-napoli\/\"><div class=\"swiper-slide-contents\"><div class=\"elementor-slide-heading\">MARATONA DEL GOLFO CAPRI-NAPOLI<\/div><div class=\"elementor-slide-description\">CAPRI-NAPOLI, IT\u00c1LIA<\/div><\/div><\/a><\/div><div class=\"elementor-repeater-item-5eb7da1 swiper-slide\"><div class=\"swiper-slide-bg elementor-ken-burns elementor-ken-burns--in\" role=\"img\"><\/div><div class=\"elementor-background-overlay\"><\/div><a class=\"swiper-slide-inner\" href=\"https:\/\/ultramarathonswimseries.com\/events\/traversee-internationale-du-lac-st-jean\/\"><div class=\"swiper-slide-contents\"><div class=\"elementor-slide-heading\">TRAVERS\u00c9E INTERNATIONALE DU LAC ST-JEAN<\/div><div class=\"elementor-slide-description\">LAGO ST-JEAN, CANAD\u00c1<\/div><\/div><\/a><\/div><div class=\"elementor-repeater-item-d5341f8 swiper-slide\"><div class=\"swiper-slide-bg elementor-ken-burns elementor-ken-burns--in\" role=\"img\"><\/div><div class=\"elementor-background-overlay\"><\/div><a class=\"swiper-slide-inner\" href=\"https:\/\/ultramarathonswimseries.com\/events\/trans-tahoe-solo\/\"><div class=\"swiper-slide-contents\"><div class=\"elementor-slide-heading\">TRANS TAHOE SOLO<\/div><div class=\"elementor-slide-description\">LAGO TAHOE, EUA<\/div><\/div><\/a><\/div>\t\t\t\t<\/div>\n\t\t\t\t\t\t\t\t\t\t\t\t\t\t\t<div class=\"swiper-pagination\"><\/div>\n\t\t\t\t\t\t\t\t\t\t\t\t\t\t\t\t<div class=\"elementor-swiper-button elementor-swiper-button-prev\" role=\"button\" tabindex=\"0\">\n\t\t\t\t\t\t\t<i aria-hidden=\"true\" class=\"eicon-chevron-left\"><\/i>\t\t\t\t\t\t\t<span class=\"elementor-screen-only\">Previous slide<\/span>\n\t\t\t\t\t\t<\/div>\n\t\t\t\t\t\t<div class=\"elementor-swiper-button elementor-swiper-button-next\" role=\"button\" tabindex=\"0\">\n\t\t\t\t\t\t\t<i aria-hidden=\"true\" class=\"eicon-chevron-right\"><\/i>\t\t\t\t\t\t\t<span class=\"elementor-screen-only\">Next slide<\/span>\n\t\t\t\t\t\t<\/div>\n\t\t\t\t\t\t\t\t\t\t\t\t<\/div>\n\t\t<\/div>\n\t\t\t\t<\/div>\n\t\t\t\t<\/div>\n\t\t\t\t<\/div>\n\t\t\t\t<\/div>","protected":false},"excerpt":{"rendered":"<p>For the second time, Portugal will be hosting a stage of the most challenging open water ultramarathon swimming circuit, the Ultramarathon Swim Series, organized by the World Open Water Swimming Association (WOWSA). The Travessia Lisboa-Cascais, which will take place on September 21st with a 20km course, is the longest race ever held in mainland Portugal. [&hellip;]<\/p>","protected":false},"author":2,"featured_media":0,"parent":0,"menu_order":0,"comment_status":"closed","ping_status":"closed","template":"","meta":{"_monsterinsights_skip_tracking":false,"_monsterinsights_sitenote_active":false,"_monsterinsights_sitenote_note":"","_monsterinsights_sitenote_category":0,"footnotes":""},"aioseo_notices":[],"_links":{"self":[{"href":"https:\/\/swimgp.com\/pt\/wp-json\/wp\/v2\/pages\/3622"}],"collection":[{"href":"https:\/\/swimgp.com\/pt\/wp-json\/wp\/v2\/pages"}],"about":[{"href":"https:\/\/swimgp.com\/pt\/wp-json\/wp\/v2\/types\/page"}],"author":[{"embeddable":true,"href":"https:\/\/swimgp.com\/pt\/wp-json\/wp\/v2\/users\/2"}],"replies":[{"embeddable":true,"href":"https:\/\/swimgp.com\/pt\/wp-json\/wp\/v2\/comments?post=3622"}],"version-history":[{"count":40,"href":"https:\/\/swimgp.com\/pt\/wp-json\/wp\/v2\/pages\/3622\/revisions"}],"predecessor-version":[{"id":9003,"href":"https:\/\/swimgp.com\/pt\/wp-json\/wp\/v2\/pages\/3622\/revisions\/9003"}],"wp:attachment":[{"href":"https:\/\/swimgp.com\/pt\/wp-json\/wp\/v2\/media?parent=3622"}],"curies":[{"name":"wp","href":"https:\/\/api.w.org\/{rel}","templated":true}]}}