{"id":12141,"date":"2026-04-14T21:32:17","date_gmt":"2026-04-14T21:32:17","guid":{"rendered":"https:\/\/swimgp.com\/?page_id=12141"},"modified":"2026-04-27T18:55:11","modified_gmt":"2026-04-27T18:55:11","slug":"official-virtual-training-app-openswim","status":"publish","type":"page","link":"https:\/\/swimgp.com\/pt\/official-virtual-training-app-openswim\/","title":{"rendered":"Official Virtual Training App &#8211; OpenSwim"},"content":{"rendered":"<div data-elementor-type=\"wp-page\" data-elementor-id=\"12141\" class=\"elementor elementor-12141\" data-elementor-post-type=\"page\">\n\t\t\t\t\t\t<section class=\"elementor-section elementor-top-section elementor-element elementor-element-3878fd2 elementor-section-full_width elementor-section-height-min-height elementor-section-items-stretch elementor-section-height-default\" data-id=\"3878fd2\" data-element_type=\"section\" data-settings=\"{&quot;background_background&quot;:&quot;slideshow&quot;,&quot;background_slideshow_gallery&quot;:[{&quot;id&quot;:12151,&quot;url&quot;:&quot;https:\\\/\\\/swimgp.com\\\/wp-content\\\/uploads\\\/2026\\\/04\\\/fit-swimmer.jpg&quot;},{&quot;id&quot;:12153,&quot;url&quot;:&quot;https:\\\/\\\/swimgp.com\\\/wp-content\\\/uploads\\\/2026\\\/04\\\/rest_pool.jpg&quot;},{&quot;id&quot;:12155,&quot;url&quot;:&quot;https:\\\/\\\/swimgp.com\\\/wp-content\\\/uploads\\\/2026\\\/04\\\/back-shot-swimmer-friends.jpg&quot;},{&quot;id&quot;:12154,&quot;url&quot;:&quot;https:\\\/\\\/swimgp.com\\\/wp-content\\\/uploads\\\/2026\\\/04\\\/watch-underwater.jpg&quot;}],&quot;background_slideshow_loop&quot;:&quot;yes&quot;,&quot;background_slideshow_slide_duration&quot;:5000,&quot;background_slideshow_slide_transition&quot;:&quot;fade&quot;,&quot;background_slideshow_transition_duration&quot;:500}\">\n\t\t\t\t\t\t\t<div class=\"elementor-background-overlay\"><\/div>\n\t\t\t\t\t\t\t<div class=\"elementor-container elementor-column-gap-default\">\n\t\t\t\t\t<div class=\"elementor-column elementor-col-100 elementor-top-column elementor-element elementor-element-2bfc4d3\" data-id=\"2bfc4d3\" data-element_type=\"column\">\n\t\t\t<div class=\"elementor-widget-wrap elementor-element-populated\">\n\t\t\t\t\t\t<div class=\"elementor-element elementor-element-5c39f9c elementor-widget elementor-widget-heading\" data-id=\"5c39f9c\" data-element_type=\"widget\" data-widget_type=\"heading.default\">\n\t\t\t\t<div class=\"elementor-widget-container\">\n\t\t\t<h1 class=\"elementor-heading-title elementor-size-default\">Treinos Virtuais Oficiais<\/h1>\t\t<\/div>\n\t\t\t\t<\/div>\n\t\t\t\t<div class=\"elementor-element elementor-element-985f0ee elementor-mobile-align-center elementor-align-left elementor-widget__width-inherit elementor-widget elementor-widget-button\" data-id=\"985f0ee\" data-element_type=\"widget\" data-widget_type=\"button.default\">\n\t\t\t\t<div class=\"elementor-widget-container\">\n\t\t\t\t\t<div class=\"elementor-button-wrapper\">\n\t\t\t<a class=\"elementor-button elementor-button-link elementor-size-sm\" href=\"https:\/\/link.openswim.fr\/swim_gp_2026\" target=\"_blank\">\n\t\t\t\t\t\t<span class=\"elementor-button-content-wrapper\">\n\t\t\t\t\t\t<span class=\"elementor-button-text\">SAIBA MAIS<\/span>\n\t\t<\/span>\n\t\t\t\t\t<\/a>\n\t\t<\/div>\n\t\t\t\t<\/div>\n\t\t\t\t<\/div>\n\t\t\t\t<div class=\"elementor-element elementor-element-90c2b9c elementor-absolute elementor-view-default elementor-invisible elementor-widget elementor-widget-icon\" data-id=\"90c2b9c\" data-element_type=\"widget\" data-settings=\"{&quot;_position&quot;:&quot;absolute&quot;,&quot;_animation&quot;:&quot;slideInDown&quot;}\" data-widget_type=\"icon.default\">\n\t\t\t\t<div class=\"elementor-widget-container\">\n\t\t\t\t\t<div class=\"elementor-icon-wrapper\">\n\t\t\t<a class=\"elementor-icon elementor-animation-sink\" href=\"#next\">\n\t\t\t\t\t\t<\/a>\n\t\t<\/div>\n\t\t\t\t<\/div>\n\t\t\t\t<\/div>\n\t\t\t\t\t<\/div>\n\t\t<\/div>\n\t\t\t\t\t<\/div>\n\t\t<\/section>\n\t\t<div class=\"elementor-element elementor-element-a1936f8 e-con-full e-flex e-con e-parent\" data-id=\"a1936f8\" data-element_type=\"container\" data-settings=\"{&quot;content_width&quot;:&quot;full&quot;,&quot;background_background&quot;:&quot;classic&quot;}\" data-core-v316-plus=\"true\">\n\t\t\t\t<div class=\"elementor-element elementor-element-a7bdd1c elementor-drop-cap-yes elementor-drop-cap-view-default elementor-widget elementor-widget-text-editor\" data-id=\"a7bdd1c\" data-element_type=\"widget\" data-settings=\"{&quot;drop_cap&quot;:&quot;yes&quot;}\" data-widget_type=\"text-editor.default\">\n\t\t\t\t<div class=\"elementor-widget-container\">\n\t\t\t\t\t\t\t<p style=\"text-align: center;\"><span style=\"font-size: 24pt;\"><b>OpenSwim: a aplica\u00e7\u00e3o oficial de treino virtual para os nossos eventos<\/b><\/span><\/p>\t\t\t\t\t\t<\/div>\n\t\t\t\t<\/div>\n\t\t\t\t<div class=\"elementor-element elementor-element-ea39e4b elementor-widget__width-inherit elementor-widget elementor-widget-image\" data-id=\"ea39e4b\" data-element_type=\"widget\" data-widget_type=\"image.default\">\n\t\t\t\t<div class=\"elementor-widget-container\">\n\t\t\t\t\t\t\t\t\t\t\t\t\t\t<a href=\"https:\/\/link.openswim.fr\/swim_gp_2026\" target=\"_blank\">\n\t\t\t\t\t\t\t<img fetchpriority=\"high\" decoding=\"async\" width=\"800\" height=\"188\" src=\"https:\/\/swimgp.com\/wp-content\/uploads\/2026\/04\/SwimGP_OpenSwim_Composite_Blue-1-1024x241.png\" class=\"attachment-large size-large wp-image-12143\" alt=\"\" srcset=\"https:\/\/swimgp.com\/wp-content\/uploads\/2026\/04\/SwimGP_OpenSwim_Composite_Blue-1-1024x241.png 1024w, https:\/\/swimgp.com\/wp-content\/uploads\/2026\/04\/SwimGP_OpenSwim_Composite_Blue-1-300x70.png 300w, https:\/\/swimgp.com\/wp-content\/uploads\/2026\/04\/SwimGP_OpenSwim_Composite_Blue-1-768x180.png 768w, https:\/\/swimgp.com\/wp-content\/uploads\/2026\/04\/SwimGP_OpenSwim_Composite_Blue-1-18x4.png 18w, https:\/\/swimgp.com\/wp-content\/uploads\/2026\/04\/SwimGP_OpenSwim_Composite_Blue-1.png 1124w\" sizes=\"(max-width: 800px) 100vw, 800px\" \/>\t\t\t\t\t\t\t\t<\/a>\n\t\t\t\t\t\t\t\t\t\t\t\t\t<\/div>\n\t\t\t\t<\/div>\n\t\t\t\t<div class=\"elementor-element elementor-element-f2ca9b0 elementor-drop-cap-yes elementor-drop-cap-view-default elementor-widget elementor-widget-text-editor\" data-id=\"f2ca9b0\" data-element_type=\"widget\" data-settings=\"{&quot;drop_cap&quot;:&quot;yes&quot;}\" data-widget_type=\"text-editor.default\">\n\t\t\t\t<div class=\"elementor-widget-container\">\n\t\t\t\t\t\t\t<p><b>\u00d3culos de nata\u00e7\u00e3o, touca, toalha, motiva\u00e7\u00e3o \u2014 j\u00e1 tens tudo o que precisas para a tua pr\u00f3xima sess\u00e3o de nata\u00e7\u00e3o.\u00a0<\/b><\/p><p><b>Agora, junta a isso o poder do OpenSwim, a aplica\u00e7\u00e3o oficial de treino virtual para os nossos eventos.<\/b><\/p><p><span style=\"font-weight: 400;\">O OpenSwim torna a tua prepara\u00e7\u00e3o simples, estruturada e motivadora \u2014 para que te possas concentrar em melhorar e desfrutar do processo at\u00e9 ao dia da prova.<\/span><\/p>\t\t\t\t\t\t<\/div>\n\t\t\t\t<\/div>\n\t\t\t\t<\/div>\n\t\t<div class=\"elementor-element elementor-element-6981af0 e-con-full e-flex e-con e-parent\" data-id=\"6981af0\" data-element_type=\"container\" data-settings=\"{&quot;content_width&quot;:&quot;full&quot;}\" data-core-v316-plus=\"true\">\n\t\t<div class=\"elementor-element elementor-element-71a7fcc e-flex e-con-boxed e-con e-child\" data-id=\"71a7fcc\" data-element_type=\"container\" data-settings=\"{&quot;content_width&quot;:&quot;boxed&quot;}\">\n\t\t\t\t\t<div class=\"e-con-inner\">\n\t\t\t\t<div class=\"elementor-element elementor-element-06c3323 elementor-drop-cap-yes elementor-drop-cap-view-default elementor-widget elementor-widget-text-editor\" data-id=\"06c3323\" data-element_type=\"widget\" data-settings=\"{&quot;drop_cap&quot;:&quot;yes&quot;}\" data-widget_type=\"text-editor.default\">\n\t\t\t\t<div class=\"elementor-widget-container\">\n\t\t\t\t\t\t\t<h3 style=\"text-align: center;\"><span style=\"font-size: 14pt;\"><b>Como a OpenSwim pode apoiar a tua participa\u00e7\u00e3o no Swim GP Portugal:<\/b><\/span><\/h3>\t\t\t\t\t\t<\/div>\n\t\t\t\t<\/div>\n\t\t\t\t<div class=\"elementor-element elementor-element-73781c6 elementor-drop-cap-yes elementor-drop-cap-view-default elementor-widget elementor-widget-text-editor\" data-id=\"73781c6\" data-element_type=\"widget\" data-settings=\"{&quot;drop_cap&quot;:&quot;yes&quot;}\" data-widget_type=\"text-editor.default\">\n\t\t\t\t<div class=\"elementor-widget-container\">\n\t\t\t\t\t\t\t<ol><li><b>Planos de treino adaptados \u00e0 tua agenda<\/b><b><br \/><\/b>Os treinos passo a passo desenvolvem resist\u00eancia, velocidade e confian\u00e7a \u2014 sem margem para d\u00favidas.<\/li><li><b>Orienta\u00e7\u00f5es espec\u00edficas para o evento<\/b><b><br \/><\/b>Dicas para controlar o ritmo, orientar-se e lidar com a nata\u00e7\u00e3o em \u00e1guas abertas, al\u00e9m de uma lista de verifica\u00e7\u00e3o completa para o dia da prova.<\/li><li><b>Acompanha o teu progresso<\/b><b><br \/><\/b>Sincronize com dispositivos Garmin, Apple Watch, Suunto, Polar ou Coros e v\u00ea a tua evolu\u00e7\u00e3o sess\u00e3o a sess\u00e3o.<\/li><li><b>Aprenda com os outros<\/b><b><br \/><\/b>Cita\u00e7\u00f5es e experi\u00eancias reais servem de orienta\u00e7\u00e3o e inspira\u00e7\u00e3o.<\/li><li><b>Mantem-te motivado<br \/><\/b>Os desafios, os marcos e o acompanhamento do progresso fazem com que cada sess\u00e3o valha a pena.<\/li><\/ol>\t\t\t\t\t\t<\/div>\n\t\t\t\t<\/div>\n\t\t\t\t\t<\/div>\n\t\t\t\t<\/div>\n\t\t\t\t<div class=\"elementor-element elementor-element-a30035c elementor-align-center elementor-widget elementor-widget-button\" data-id=\"a30035c\" data-element_type=\"widget\" data-widget_type=\"button.default\">\n\t\t\t\t<div class=\"elementor-widget-container\">\n\t\t\t\t\t<div class=\"elementor-button-wrapper\">\n\t\t\t<a class=\"elementor-button elementor-button-link elementor-size-lg\" href=\"https:\/\/link.openswim.fr\/swim_gp_2026\" target=\"_blank\">\n\t\t\t\t\t\t<span class=\"elementor-button-content-wrapper\">\n\t\t\t\t\t\t<span class=\"elementor-button-text\">Descarregue o OpenSwim e come\u00e7a a tua jornada hoje mesmo<\/span>\n\t\t<\/span>\n\t\t\t\t\t<\/a>\n\t\t<\/div>\n\t\t\t\t<\/div>\n\t\t\t\t<\/div>\n\t\t<div class=\"elementor-element elementor-element-f30910d e-con-full e-flex e-con e-child\" data-id=\"f30910d\" data-element_type=\"container\" data-settings=\"{&quot;content_width&quot;:&quot;full&quot;,&quot;background_background&quot;:&quot;classic&quot;}\">\n\t\t\t\t<div class=\"elementor-element elementor-element-ed856b8 elementor-drop-cap-yes elementor-drop-cap-view-default elementor-widget elementor-widget-text-editor\" data-id=\"ed856b8\" data-element_type=\"widget\" data-settings=\"{&quot;drop_cap&quot;:&quot;yes&quot;}\" data-widget_type=\"text-editor.default\">\n\t\t\t\t<div class=\"elementor-widget-container\">\n\t\t\t\t\t\t\t<h3 style=\"text-align: center;\"><strong><span style=\"font-size: 14pt;\">Prepara-te com clareza e determina\u00e7\u00e3o \u2014 aproveita cada passo at\u00e9 \u00e0 linha de partida.<\/span><\/strong><\/h3>\t\t\t\t\t\t<\/div>\n\t\t\t\t<\/div>\n\t\t\t\t<div class=\"elementor-element elementor-element-164364d elementor-widget__width-inherit elementor-widget elementor-widget-image\" data-id=\"164364d\" data-element_type=\"widget\" data-widget_type=\"image.default\">\n\t\t\t\t<div class=\"elementor-widget-container\">\n\t\t\t\t\t\t\t\t\t\t\t\t\t\t<a href=\"https:\/\/link.openswim.fr\/swim_gp_2026\" target=\"_blank\">\n\t\t\t\t\t\t\t<img fetchpriority=\"high\" decoding=\"async\" width=\"800\" height=\"188\" src=\"https:\/\/swimgp.com\/wp-content\/uploads\/2026\/04\/SwimGP_OpenSwim_Composite_Blue-1-1024x241.png\" class=\"attachment-large size-large wp-image-12143\" alt=\"\" srcset=\"https:\/\/swimgp.com\/wp-content\/uploads\/2026\/04\/SwimGP_OpenSwim_Composite_Blue-1-1024x241.png 1024w, https:\/\/swimgp.com\/wp-content\/uploads\/2026\/04\/SwimGP_OpenSwim_Composite_Blue-1-300x70.png 300w, https:\/\/swimgp.com\/wp-content\/uploads\/2026\/04\/SwimGP_OpenSwim_Composite_Blue-1-768x180.png 768w, https:\/\/swimgp.com\/wp-content\/uploads\/2026\/04\/SwimGP_OpenSwim_Composite_Blue-1-18x4.png 18w, https:\/\/swimgp.com\/wp-content\/uploads\/2026\/04\/SwimGP_OpenSwim_Composite_Blue-1.png 1124w\" sizes=\"(max-width: 800px) 100vw, 800px\" \/>\t\t\t\t\t\t\t\t<\/a>\n\t\t\t\t\t\t\t\t\t\t\t\t\t<\/div>\n\t\t\t\t<\/div>\n\t\t\t\t<\/div>\n\t\t\t\t<\/div>\n\t\t<div class=\"elementor-element elementor-element-012d2cf e-flex e-con-boxed e-con e-parent\" data-id=\"012d2cf\" data-element_type=\"container\" data-settings=\"{&quot;content_width&quot;:&quot;boxed&quot;}\" data-core-v316-plus=\"true\">\n\t\t\t\t\t<div class=\"e-con-inner\">\n\t\t\t\t<div class=\"elementor-element elementor-element-720aa09 elementor-widget__width-inherit elementor-widget elementor-widget-image\" data-id=\"720aa09\" data-element_type=\"widget\" data-widget_type=\"image.default\">\n\t\t\t\t<div class=\"elementor-widget-container\">\n\t\t\t\t\t\t\t\t\t\t\t\t\t\t<a href=\"https:\/\/link.openswim.fr\/swim_gp_2026\" target=\"_blank\">\n\t\t\t\t\t\t\t<img decoding=\"async\" width=\"1920\" height=\"600\" src=\"https:\/\/swimgp.com\/wp-content\/uploads\/2026\/04\/open-swim-banner.png\" class=\"attachment-full size-full wp-image-12152\" alt=\"\" srcset=\"https:\/\/swimgp.com\/wp-content\/uploads\/2026\/04\/open-swim-banner.png 1920w, https:\/\/swimgp.com\/wp-content\/uploads\/2026\/04\/open-swim-banner-300x94.png 300w, https:\/\/swimgp.com\/wp-content\/uploads\/2026\/04\/open-swim-banner-1024x320.png 1024w, https:\/\/swimgp.com\/wp-content\/uploads\/2026\/04\/open-swim-banner-768x240.png 768w, https:\/\/swimgp.com\/wp-content\/uploads\/2026\/04\/open-swim-banner-1536x480.png 1536w, https:\/\/swimgp.com\/wp-content\/uploads\/2026\/04\/open-swim-banner-18x6.png 18w\" sizes=\"(max-width: 1920px) 100vw, 1920px\" \/>\t\t\t\t\t\t\t\t<\/a>\n\t\t\t\t\t\t\t\t\t\t\t\t\t<\/div>\n\t\t\t\t<\/div>\n\t\t\t\t\t<\/div>\n\t\t\t\t<\/div>\n\t\t\t\t<\/div>","protected":false},"excerpt":{"rendered":"<p>Official Virtual Training LEARN MORE OpenSwim: The Official Virtual Training App for Our Events Goggles, cap, towel, motivation\u2014you\u2019ve got the essentials for your next swim.\u00a0 Now add the power of OpenSwim, the official virtual training app for our events. OpenSwim makes your swim preparation simple, structured, and motivating\u2014so you can focus on improving and enjoying [&hellip;]<\/p>","protected":false},"author":2,"featured_media":0,"parent":0,"menu_order":0,"comment_status":"closed","ping_status":"closed","template":"","meta":{"_monsterinsights_skip_tracking":false,"_monsterinsights_sitenote_active":false,"_monsterinsights_sitenote_note":"","_monsterinsights_sitenote_category":0,"footnotes":""},"aioseo_notices":[],"_links":{"self":[{"href":"https:\/\/swimgp.com\/pt\/wp-json\/wp\/v2\/pages\/12141"}],"collection":[{"href":"https:\/\/swimgp.com\/pt\/wp-json\/wp\/v2\/pages"}],"about":[{"href":"https:\/\/swimgp.com\/pt\/wp-json\/wp\/v2\/types\/page"}],"author":[{"embeddable":true,"href":"https:\/\/swimgp.com\/pt\/wp-json\/wp\/v2\/users\/2"}],"replies":[{"embeddable":true,"href":"https:\/\/swimgp.com\/pt\/wp-json\/wp\/v2\/comments?post=12141"}],"version-history":[{"count":13,"href":"https:\/\/swimgp.com\/pt\/wp-json\/wp\/v2\/pages\/12141\/revisions"}],"predecessor-version":[{"id":12162,"href":"https:\/\/swimgp.com\/pt\/wp-json\/wp\/v2\/pages\/12141\/revisions\/12162"}],"wp:attachment":[{"href":"https:\/\/swimgp.com\/pt\/wp-json\/wp\/v2\/media?parent=12141"}],"curies":[{"name":"wp","href":"https:\/\/api.w.org\/{rel}","templated":true}]}}