{"id":10639,"date":"2024-06-03T17:34:41","date_gmt":"2024-06-03T17:34:41","guid":{"rendered":"https:\/\/swimgp.com\/?page_id=10639"},"modified":"2024-06-03T17:47:01","modified_gmt":"2024-06-03T17:47:01","slug":"privacy-policy","status":"publish","type":"page","link":"https:\/\/swimgp.com\/pt\/privacy-policy\/","title":{"rendered":"Pol\u00edtica de Privacidade"},"content":{"rendered":"<div data-elementor-type=\"wp-page\" data-elementor-id=\"10639\" class=\"elementor elementor-10639\" data-elementor-post-type=\"page\">\n\t\t\t\t\t\t<section class=\"elementor-section elementor-top-section elementor-element elementor-element-2ac0808 elementor-section-full_width elementor-section-height-min-height elementor-section-items-stretch elementor-section-height-default\" data-id=\"2ac0808\" data-element_type=\"section\" data-settings=\"{&quot;background_background&quot;:&quot;classic&quot;}\">\n\t\t\t\t\t\t\t<div class=\"elementor-background-overlay\"><\/div>\n\t\t\t\t\t\t\t<div class=\"elementor-container elementor-column-gap-default\">\n\t\t\t\t\t<div class=\"elementor-column elementor-col-100 elementor-top-column elementor-element elementor-element-dc37539\" data-id=\"dc37539\" data-element_type=\"column\">\n\t\t\t<div class=\"elementor-widget-wrap elementor-element-populated\">\n\t\t\t\t\t\t<div class=\"elementor-element elementor-element-0b87e1c elementor-widget elementor-widget-heading\" data-id=\"0b87e1c\" data-element_type=\"widget\" data-widget_type=\"heading.default\">\n\t\t\t\t<div class=\"elementor-widget-container\">\n\t\t\t<h1 class=\"elementor-heading-title elementor-size-default\">Pol\u00edtica de Privacidade<\/h1>\t\t<\/div>\n\t\t\t\t<\/div>\n\t\t\t\t<div class=\"elementor-element elementor-element-facc656 elementor-absolute elementor-view-default elementor-invisible elementor-widget elementor-widget-icon\" data-id=\"facc656\" data-element_type=\"widget\" data-settings=\"{&quot;_position&quot;:&quot;absolute&quot;,&quot;_animation&quot;:&quot;slideInDown&quot;}\" data-widget_type=\"icon.default\">\n\t\t\t\t<div class=\"elementor-widget-container\">\n\t\t\t\t\t<div class=\"elementor-icon-wrapper\">\n\t\t\t<a class=\"elementor-icon elementor-animation-sink\" href=\"#next\">\n\t\t\t\t\t\t<\/a>\n\t\t<\/div>\n\t\t\t\t<\/div>\n\t\t\t\t<\/div>\n\t\t\t\t\t<\/div>\n\t\t<\/div>\n\t\t\t\t\t<\/div>\n\t\t<\/section>\n\t\t\t\t<section class=\"elementor-section elementor-top-section elementor-element elementor-element-ea60598 elementor-section-full_width elementor-reverse-tablet elementor-reverse-mobile elementor-section-height-default elementor-section-height-default\" data-id=\"ea60598\" data-element_type=\"section\">\n\t\t\t\t\t\t<div class=\"elementor-container elementor-column-gap-default\">\n\t\t\t\t\t<div class=\"elementor-column elementor-col-100 elementor-top-column elementor-element elementor-element-fb675dd\" data-id=\"fb675dd\" data-element_type=\"column\">\n\t\t\t<div class=\"elementor-widget-wrap elementor-element-populated\">\n\t\t\t\t\t\t<div class=\"elementor-element elementor-element-bd2fcc9 elementor-widget elementor-widget-text-editor\" data-id=\"bd2fcc9\" data-element_type=\"widget\" data-widget_type=\"text-editor.default\">\n\t\t\t\t<div class=\"elementor-widget-container\">\n\t\t\t\t\t\t\t<table>\n<tbody>\n<tr>\n<td width=\"301\">\n<p>PRIVACIDADE<\/p>\n<p><\/p>\n<p>Este aviso de privacidade divulga as pol\u00edticas de privacidade da 3Iron Sports. Este aviso de privacidade aplica-se unicamente \u00e0s informa\u00e7\u00f5es recolhidas por este site. Ir\u00e1 inform\u00e1-lo do seguinte:<\/p>\n<p><\/p>\n<p>* Quais as informa\u00e7\u00f5es de identifica\u00e7\u00e3o pessoal que s\u00e3o recolhidas atrav\u00e9s do site, como s\u00e3o usadas e com quem poder\u00e3o ser compartilhadas.<\/p>\n<p>* Quais s\u00e3o as op\u00e7\u00f5es dispon\u00edveis quanto ao uso dos seus dados.<\/p>\n<p>* Quais os procedimentos de seguran\u00e7a em vigor para proteger o mau uso das suas informa\u00e7\u00f5es.<\/p>\n<p>* Como pode corrigir quaisquer imprecis\u00f5es na informa\u00e7\u00e3o.<\/p>\n<p><\/p>\n<p><br><\/p><p><br><\/p><p>USO DAS SUAS INFORMA\u00c7\u00d5ES PESSOAIS<\/p>\n<p><\/p>\n<p>Somos os \u00fanicos propriet\u00e1rios das informa\u00e7\u00f5es recolhidas neste site. S\u00f3 temos acesso a recolher informa\u00e7\u00f5es que nos s\u00e3o fornecidas voluntariamente por e-mail, formul\u00e1rio, chat ou outro contato direto.<\/p>\n<p><\/p>\n<p>N\u00e3o iremos vender ou divulgar esta informa\u00e7\u00e3o a terceiros. Poderemos utilizar plataformas automatizadas para envio de newsletters, sendo que esta garante a conformidade com o Regulamento Geral de Prote\u00e7\u00e3o de Dados ao permitir a elimina\u00e7\u00e3o, acesso e edi\u00e7\u00e3o dos dados de forma simples e transparente, e seguido a pol\u00edtica de double opt-in.<\/p>\n<p><\/p>\n<p>Iremos usar as suas informa\u00e7\u00f5es para responder ao motivo pelo qual nos contatou. N\u00e3o compartilharemos as suas informa\u00e7\u00f5es com terceiros fora da nossa organiza\u00e7\u00e3o, exceto quando necess\u00e1rio para poder responder ao seu pedido.<\/p>\n<p><\/p>\n<p>At\u00e9 indica\u00e7\u00e3o do contr\u00e1rio, poderemos contat\u00e1-lo por e-mail no futuro para inform\u00e1-lo sobre ofertas especiais, novos produtos ou servi\u00e7os ou altera\u00e7\u00f5es nesta pol\u00edtica de privacidade.<\/p>\n<p><\/p>\n<p>Poderemos usar e divulgar as suas informa\u00e7\u00f5es pessoais apenas da seguinte forma:<\/p>\n<p><\/p>\n<p>* Promover o nosso servi\u00e7o e os nossos produtos. Poder\u00e1 deixar de receber os nossos e-mails promocionais seguindo as instru\u00e7\u00f5es de cancelamento de inscri\u00e7\u00e3o inclu\u00eddas no rodap\u00e9 de cada e-mail que enviamos.<\/p>\n<p>* Para lhe enviar conte\u00fado informativo e promocional que poder\u00e1 escolher (ou \"opt-in\") para receber. Se quiser parar de receber e-mails, pode cancelar a inscri\u00e7\u00e3o seguindo as instru\u00e7\u00f5es inclu\u00eddas no rodap\u00e9 de cada e-mail que enviamos.<\/p>\n<p>* Para garantir o cumprimento dos nossos Termos de Servi\u00e7o e da lei aplic\u00e1vel.<\/p>\n<p>* Para atender aos requisitos legais, como o cumprimento de ordens judiciais, solicita\u00e7\u00e3o de informa\u00e7\u00f5es, convoca\u00e7\u00e3o v\u00e1lida ou outros mecanismos legais apropriados.<\/p>\n<p>* Fornecer informa\u00e7\u00f5es aos nossos representantes e assessores, como advogados e contabilistas, para nos ajudar a cumprir os requisitos legais e de seguran\u00e7a.<\/p>\n<p>* Processar e defender um processo judicial, arbitral ou judicial.<\/p>\n<p>* Para transferir as suas informa\u00e7\u00f5es no caso de uma venda, fus\u00e3o, consolida\u00e7\u00e3o, liquida\u00e7\u00e3o, reorganiza\u00e7\u00e3o ou aquisi\u00e7\u00e3o. Nesse caso, notificaremos sobre a altera\u00e7\u00e3o, publicando um aviso neste site e qualquer subscritor estar\u00e1 sujeito \u00e0s nossas obriga\u00e7\u00f5es sob esta Pol\u00edtica de Privacidade.<\/p>\n<p><\/p>\n<p>Para ver quais s\u00e3o os dados que detemos sobre si, a existirem, envie um email para: geral@3ironsports.com <a href=\"mailto:geral@3ironsports.com\">geral@3ironsports.com<\/a><\/p>\n<p><br><\/p><p><br><\/p><p>SEGURAN\u00c7A<\/p>\n<p><\/p>\n<p>Assegurar a confidencialidade, integridade e disponibilidade dos dados dos Clientes \u00e9 um compromisso que assumimos para com todos os nossos clientes e utilizadores.<\/p>\n<p><\/p>\n<p>Nesse sentido a 3Iron Sports segue as melhores pr\u00e1ticas de gest\u00e3o de seguran\u00e7a da informa\u00e7\u00e3o, exigindo aos nossos colaboradores o cumprimento estrito das rigorosas normas, asseguramento da seguran\u00e7a dos dados pessoais que nos sejam comunicados, n\u00e3o podendo utilizar tais dados para quaisquer outras finalidades que n\u00e3o as definidas no contrato, nem correlacion\u00e1-los com outros dados que se encontrem na sua disponibilidade.<\/p>\n<p><\/p>\n<p>Alertamos para o facto de os dados que circulam na Internet n\u00e3o estarem totalmente protegidos contra desvios eventuais, sendo a comunica\u00e7\u00e3o de senhas de acesso, passwords, c\u00f3digos confidenciais e de qualquer informa\u00e7\u00e3o sens\u00edvel efetuada sob a sua inteira responsabilidade.<\/p>\n<p><\/p>\n<p><br><\/p><p>ACESSO, CORRE\u00c7\u00c3O, OPOSI\u00c7\u00c3O E ELIMINA\u00c7\u00c3O DOS DADOS PESSOAIS<\/p>\n<p><\/p>\n<p>Nos termos da legisla\u00e7\u00e3o aplic\u00e1vel, \u00e9-lhe garantido, na qualidade de titular dos dados, o direito, a qualquer momento, de aceder aos seus dados pessoais, solicitar a sua retifica\u00e7\u00e3o ou aditamento, opor-se ao tratamento dos dados, com exce\u00e7\u00e3o dos estritamente necess\u00e1rios \u00e0 presta\u00e7\u00e3o do servi\u00e7o e\/ou solicitar a portabilidade dos dados, requerer a elimina\u00e7\u00e3o dos seus dados para fins de marketing ou telemarketing ou inclus\u00e3o em listas de assinantes e servi\u00e7os informativos.<\/p>\n<p><\/p>\n<p>Poder\u00e1 requerer qualquer uma das a\u00e7\u00f5es acima mencionadas atrav\u00e9s do envio de um email para:&nbsp;<span style=\"font-size: 0.9em; font-family: var( --e-global-typography-text-font-family ), Sans-serif;\">geral@3ironsports.com<\/span><\/p>\n<p><\/p>\n<p>Caso nos solicite a elimina\u00e7\u00e3o de alguns dos seus dados pessoais ou da sua totalidade, alguns dos servi\u00e7os solicitados poder\u00e3o n\u00e3o lhe ser prestados, conservando os dados pessoais necess\u00e1rios para o cumprimento das suas obriga\u00e7\u00f5es legais.<\/p>\n<p><\/p>\n<p><br><\/p><p><br><\/p><p>COOKIES<\/p>\n<p><\/p>\n<p>Enquanto usa este Servi\u00e7o, poderemos armazenar \"cookies\" no seu computador.<\/p>\n<p><\/p>\n<p>Utilizamos cookies para autentica\u00e7\u00e3o, autentica\u00e7\u00e3o de sess\u00f5es de utilizadores, prefer\u00eancias e movimentos ao redor do site, an\u00e1lises de marketing an\u00f3nimas e agregadas, an\u00e1lise de desempenho, redirecionamento e controlo de tend\u00eancias agregadas.<\/p>\n<p><\/p>\n<p>Poder\u00e1 desligar os cookies seguindo as instru\u00e7\u00f5es no seu navegador\/browser, mas se bloquear os cookies, poder\u00e1 ser mais dif\u00edcil (ou talvez imposs\u00edvel) usar algumas funcionalidades do nosso site.<\/p><p><br><\/p><p><br><\/p>\n<p><\/p>\n<p>MUDAN\u00c7AS A ESTA POL\u00cdTICA DE PRIVACIDADE<\/p>\n<p>Se fizermos alguma altera\u00e7\u00e3o na pol\u00edtica de privacidade, iremos publicar neste site. Reservamo-nos o direito de modificar esta pol\u00edtica de privacidade a qualquer momento.<\/p>\n<p>Todas as mudan\u00e7as entrar\u00e3o em vigor imediatamente ap\u00f3s sua publica\u00e7\u00e3o no site. Se fizermos altera\u00e7\u00f5es materiais a esta declara\u00e7\u00e3o, notificaremos aqui que foi atualizado, para que esteja claro quais as informa\u00e7\u00f5es que recolhemos, como as usamos e em que circunst\u00e2ncias.<\/p>\n<p><\/p>\n<p>Se se op\u00f5e a mudan\u00e7as na nossa pol\u00edtica de privacidade, dever\u00e1 deixar de usar os nossos servi\u00e7os, inclusive o site.<\/p><p><br><\/p><p><br><\/p>\n<p><\/p>\n<p>PERGUNTAS E INFORMA\u00c7\u00d5ES DE CONTATO<\/p>\n<p>Se tiver alguma d\u00favida ou coment\u00e1rio, ou se deseja atualizar, excluir ou alterar qualquer informa\u00e7\u00e3o pessoal que possuamos relacionada consigo, ou se tem uma preocupa\u00e7\u00e3o sobre a maneira como lidamos com qualquer quest\u00e3o de privacidade, entre em contato connosco pelo email geral@3ironsports.com<\/p>\n<\/td>\n<\/tr>\n<\/tbody>\n<\/table>\t\t\t\t\t\t<\/div>\n\t\t\t\t<\/div>\n\t\t\t\t\t<\/div>\n\t\t<\/div>\n\t\t\t\t\t<\/div>\n\t\t<\/section>\n\t\t\t\t<\/div>","protected":false},"excerpt":{"rendered":"<p>PRIVACY This privacy notice discloses the privacy policies of 3Iron Sports. This privacy notice applies solely to information collected by this website. It will inform you of the following: * What personally identifiable information is collected through the site, how it is used and with whom it may be shared. * What options are available [&hellip;]<\/p>","protected":false},"author":2,"featured_media":0,"parent":0,"menu_order":0,"comment_status":"closed","ping_status":"closed","template":"","meta":{"_monsterinsights_skip_tracking":false,"_monsterinsights_sitenote_active":false,"_monsterinsights_sitenote_note":"","_monsterinsights_sitenote_category":0,"footnotes":""},"aioseo_notices":[],"_links":{"self":[{"href":"https:\/\/swimgp.com\/pt\/wp-json\/wp\/v2\/pages\/10639"}],"collection":[{"href":"https:\/\/swimgp.com\/pt\/wp-json\/wp\/v2\/pages"}],"about":[{"href":"https:\/\/swimgp.com\/pt\/wp-json\/wp\/v2\/types\/page"}],"author":[{"embeddable":true,"href":"https:\/\/swimgp.com\/pt\/wp-json\/wp\/v2\/users\/2"}],"replies":[{"embeddable":true,"href":"https:\/\/swimgp.com\/pt\/wp-json\/wp\/v2\/comments?post=10639"}],"version-history":[{"count":7,"href":"https:\/\/swimgp.com\/pt\/wp-json\/wp\/v2\/pages\/10639\/revisions"}],"predecessor-version":[{"id":10649,"href":"https:\/\/swimgp.com\/pt\/wp-json\/wp\/v2\/pages\/10639\/revisions\/10649"}],"wp:attachment":[{"href":"https:\/\/swimgp.com\/pt\/wp-json\/wp\/v2\/media?parent=10639"}],"curies":[{"name":"wp","href":"https:\/\/api.w.org\/{rel}","templated":true}]}}